{"id":11307,"date":"2024-04-18T17:04:56","date_gmt":"2024-04-18T14:04:56","guid":{"rendered":"https:\/\/reedact.com\/o-nas\/"},"modified":"2024-06-05T16:17:45","modified_gmt":"2024-06-05T13:17:45","slug":"o-nas","status":"publish","type":"page","link":"https:\/\/reedact.com\/pl\/o-nas\/","title":{"rendered":"O nas"},"content":{"rendered":"<section class=\"l-section wpb_row us_custom_a59bea36 height_auto type_sticky\"><div class=\"l-section-h i-cf\"><div class=\"g-cols vc_row via_flex valign_top type_default stacking_default\"><div class=\"vc_col-sm-12 wpb_column vc_column_container\"><div class=\"vc_column-inner\"><div class=\"wpb_wrapper\"><nav class=\"g-breadcrumbs us_custom_26e9350d has_text_color separator_icon align_none\"><div class=\"g-breadcrumbs-item\"><a href=\"https:\/\/reedact.com\/pl\/\">Strona g\u0142\u00f3wna<\/a><meta content=\"1\"\/><\/div><div class=\"g-breadcrumbs-separator\"><i class=\"fal fa-fal fa-angle-double-right\"><\/i><\/div><div class=\"g-breadcrumbs-item\">Strony<\/div><\/nav><\/div><\/div><\/div><\/div><\/div><\/section><section class=\"l-section wpb_row us_custom_1d52e8c8 has_text_color height_small width_full color_custom\" id=\"sekcja3\"><div class=\"l-section-h i-cf\"><div class=\"g-cols vc_row via_flex valign_middle type_default stacking_default\"><div class=\"vc_col-sm-6 wpb_column vc_column_container paddingLR20Mob\"><div class=\"vc_column-inner us_custom_f76581e8\"><div class=\"wpb_wrapper\"><div class=\"g-cols wpb_row via_flex valign_top type_default stacking_default\"><div class=\"vc_col-sm-12 vc_col-lg-offset-2 vc_col-lg-9 wpb_column vc_column_container\"><div class=\"vc_column-inner\"><div class=\"wpb_wrapper\">[vc_custom_heading text=&#8221;Nasza misja:&#8221; font_container=&#8221;tag:h1|font_size:80px!important|text_align:left&#8221; use_theme_fonts=&#8221;yes&#8221; el_class=&#8221;lineheighth1&#8243; css=&#8221;%7B%22default%22%3A%7B%22font-size%22%3A%22%22%7D%2C%22laptops%22%3A%7B%22font-size%22%3A%22%22%7D%2C%22tablets%22%3A%7B%22font-size%22%3A%2238px%22%7D%2C%22mobiles%22%3A%7B%22font-size%22%3A%2238px%22%7D%7D&#8221;][vc_custom_heading text=&#8221;\u017bYCIORYSY, KT\u00d3RE MAJ\u0104 SI\u0141\u0118 PRZEBICIA.&#8221; font_container=&#8221;tag:p|text_align:left&#8221; use_theme_fonts=&#8221;yes&#8221; el_class=&#8221;lineheighth1&#8243;]<div class=\"w-separator size_small\"><\/div><div class=\"wpb_text_column\"><div class=\"wpb_wrapper\"><p>CV to obietnica, kt\u00f3ra musi zosta\u0107 spe\u0142niona.<br \/>\nJe\u015bli twoje CV wygl\u0105da \u015bwietnie, ale zawiera tylko opisy stanowisk i \u017cadnych innych informacji, to ta obietnica zosta\u0142a z\u0142amana, a ty straci\u0142e\u015b uwag\u0119 rekrutera.<\/p>\n<\/div><\/div><div class=\"wpb_text_column\"><div class=\"wpb_wrapper\"><p>Dlatego te\u017c Reedact d\u0105\u017cy do optymalizacji do\u015bwiadcze\u0144 zar\u00f3wno kandydat\u00f3w, jak i rekruter\u00f3w poprzez dwutorowe podej\u015bcie.<\/p>\n<\/div><\/div><\/div><\/div><\/div><\/div><\/div><\/div><\/div><div class=\"vc_col-sm-6 wpb_column vc_column_container paddingLR20Mob\"><div class=\"vc_column-inner us_custom_83923140\"><div class=\"wpb_wrapper\"><div class=\"w-image align_none us_animate_afr\"><div class=\"w-image-h\"><img loading=\"lazy\" decoding=\"async\" width=\"2127\" height=\"1607\" src=\"https:\/\/reedact.com\/wp-content\/uploads\/2020\/07\/avion-norisori-large.png\" class=\"attachment-full size-full\" alt=\"\" srcset=\"https:\/\/reedact.com\/wp-content\/uploads\/2020\/07\/avion-norisori-large.png 2127w, https:\/\/reedact.com\/wp-content\/uploads\/2020\/07\/avion-norisori-large-300x227.png 300w, https:\/\/reedact.com\/wp-content\/uploads\/2020\/07\/avion-norisori-large-1024x774.png 1024w, https:\/\/reedact.com\/wp-content\/uploads\/2020\/07\/avion-norisori-large-1536x1160.png 1536w, https:\/\/reedact.com\/wp-content\/uploads\/2020\/07\/avion-norisori-large-2048x1547.png 2048w\" sizes=\"(max-width: 2127px) 100vw, 2127px\" \/><\/div><\/div><\/div><\/div><\/div><\/div><\/div><\/section><section class=\"l-section wpb_row height_medium\" id=\"zespo\u0142y\"><div class=\"l-section-h i-cf\"><div class=\"g-cols vc_row via_flex valign_top type_default stacking_default\"><div class=\"vc_col-sm-4 wpb_column vc_column_container\"><div class=\"vc_column-inner\"><div class=\"wpb_wrapper\"><div class=\"g-cols wpb_row via_flex valign_top type_default stacking_default\"><div class=\"vc_col-sm-12 vc_col-lg-offset-1 vc_col-lg-10 wpb_column vc_column_container\"><div class=\"vc_column-inner\"><div class=\"wpb_wrapper\"><div class=\"w-image align_right us_animate_aft\"><div class=\"w-image-h\"><img loading=\"lazy\" decoding=\"async\" width=\"600\" height=\"546\" src=\"https:\/\/reedact.com\/wp-content\/uploads\/2020\/07\/img-team-cristian-new.jpg\" class=\"attachment-full size-full\" alt=\"\" srcset=\"https:\/\/reedact.com\/wp-content\/uploads\/2020\/07\/img-team-cristian-new.jpg 600w, https:\/\/reedact.com\/wp-content\/uploads\/2020\/07\/img-team-cristian-new-300x273.jpg 300w\" sizes=\"(max-width: 600px) 100vw, 600px\" \/><\/div><\/div><div class=\"w-socials align_right color_brand shape_square style_default hover_fade\"><div class=\"w-socials-list\"><div class=\"w-socials-item linkedin\"><a target=\"_blank\" rel=\"nofollow\" href=\"https:\/\/www.linkedin.com\/in\/cristian-maria-6901a268\/\" class=\"w-socials-item-link\" title=\"LinkedIn\" aria-label=\"LinkedIn\"><span class=\"w-socials-item-link-hover\"><\/span><i class=\"fab fa-linkedin\"><\/i><\/a><div class=\"w-socials-item-popup\"><span>LinkedIn<\/span><\/div><\/div><\/div><\/div><\/div><\/div><\/div><\/div><div class=\"w-separator size_small\"><\/div><div class=\"g-cols wpb_row via_flex valign_top type_default stacking_default\"><div class=\"vc_col-sm-9 vc_col-lg-offset-1 vc_col-lg-11 wpb_column vc_column_container\"><div class=\"vc_column-inner us_custom_b0a88090\"><div class=\"wpb_wrapper\"><div class=\"wpb_text_column\"><div class=\"wpb_wrapper\"><p><strong>Reedact to firma z siedzib\u0105 w Bukareszcie za\u0142o\u017cona przez Cristiana Mari\u0119.<\/strong><\/p>\n<p>Maj\u0105c bogate do\u015bwiadczenie w dziedzinie rekrutacji, Cristian znalaz\u0142 sk\u0142adnik, kt\u00f3ry u\u0142atwia \u017cycie kandydatom i rekruterom.<\/p>\n<\/div><\/div><\/div><\/div><\/div><\/div><\/div><\/div><\/div><div class=\"vc_col-sm-4 wpb_column vc_column_container\"><div class=\"vc_column-inner\"><div class=\"wpb_wrapper\"><div class=\"g-cols wpb_row via_flex valign_top type_default stacking_default\"><div class=\"vc_col-sm-12 vc_col-lg-offset-1 vc_col-lg-10 wpb_column vc_column_container\"><div class=\"vc_column-inner\"><div class=\"wpb_wrapper\"><div class=\"w-image align_right us_animate_afb\"><div class=\"w-image-h\"><img loading=\"lazy\" decoding=\"async\" width=\"600\" height=\"551\" src=\"https:\/\/reedact.com\/wp-content\/uploads\/2021\/03\/img-team-agni-newV1-min.jpg\" class=\"attachment-full size-full\" alt=\"\" srcset=\"https:\/\/reedact.com\/wp-content\/uploads\/2021\/03\/img-team-agni-newV1-min.jpg 600w, https:\/\/reedact.com\/wp-content\/uploads\/2021\/03\/img-team-agni-newV1-min-300x276.jpg 300w, https:\/\/reedact.com\/wp-content\/uploads\/2021\/03\/img-team-agni-newV1-min-500x459.jpg 500w, https:\/\/reedact.com\/wp-content\/uploads\/2021\/03\/img-team-agni-newV1-min-100x92.jpg 100w, https:\/\/reedact.com\/wp-content\/uploads\/2021\/03\/img-team-agni-newV1-min-55x50.jpg 55w, https:\/\/reedact.com\/wp-content\/uploads\/2021\/03\/img-team-agni-newV1-min-93x85.jpg 93w\" sizes=\"(max-width: 600px) 100vw, 600px\" \/><\/div><\/div><div class=\"w-socials align_right color_brand shape_square style_default hover_fade\"><div class=\"w-socials-list\"><div class=\"w-socials-item linkedin\"><a target=\"_blank\" rel=\"nofollow\" href=\"https:\/\/www.linkedin.com\/in\/agnieszka-swiatkowska\/\" class=\"w-socials-item-link\" title=\"LinkedIn\" aria-label=\"LinkedIn\"><span class=\"w-socials-item-link-hover\"><\/span><i class=\"fab fa-linkedin\"><\/i><\/a><div class=\"w-socials-item-popup\"><span>LinkedIn<\/span><\/div><\/div><\/div><\/div><\/div><\/div><\/div><\/div><div class=\"w-separator size_small\"><\/div><div class=\"g-cols wpb_row via_flex valign_top type_default stacking_default\"><div class=\"vc_col-sm-9 vc_col-lg-offset-1 vc_col-lg-11 wpb_column vc_column_container\"><div class=\"vc_column-inner us_custom_b0a88090\"><div class=\"wpb_wrapper\"><div class=\"wpb_text_column\"><div class=\"wpb_wrapper\"><p><strong>Specjalista ds. zasob\u00f3w ludzkich i pozyskiwania talent\u00f3w,<\/strong><\/p>\n<p>Agni do\u0142\u0105czy\u0142 do Reedact, aby pom\u00f3c kandydatom u\u0142atwi\u0107 im rozmow\u0119 kwalifikacyjn\u0105 i przygotowa\u0107 ich na sukces podczas poszukiwania nowej mo\u017cliwo\u015bci.<\/p>\n<\/div><\/div><\/div><\/div><\/div><\/div><\/div><\/div><\/div><div class=\"vc_col-sm-4 wpb_column vc_column_container\"><div class=\"vc_column-inner\"><div class=\"wpb_wrapper\"><div class=\"g-cols wpb_row via_flex valign_top type_default stacking_default\"><div class=\"vc_col-sm-12 vc_col-lg-offset-1 vc_col-lg-10 wpb_column vc_column_container\"><div class=\"vc_column-inner\"><div class=\"wpb_wrapper\"><div class=\"w-image align_right us_animate_aft\"><div class=\"w-image-h\"><img loading=\"lazy\" decoding=\"async\" width=\"600\" height=\"551\" src=\"https:\/\/reedact.com\/wp-content\/uploads\/2021\/03\/img-team-adelina-min.jpg\" class=\"attachment-full size-full\" alt=\"\" srcset=\"https:\/\/reedact.com\/wp-content\/uploads\/2021\/03\/img-team-adelina-min.jpg 600w, https:\/\/reedact.com\/wp-content\/uploads\/2021\/03\/img-team-adelina-min-300x276.jpg 300w, https:\/\/reedact.com\/wp-content\/uploads\/2021\/03\/img-team-adelina-min-500x459.jpg 500w, https:\/\/reedact.com\/wp-content\/uploads\/2021\/03\/img-team-adelina-min-100x92.jpg 100w, https:\/\/reedact.com\/wp-content\/uploads\/2021\/03\/img-team-adelina-min-55x50.jpg 55w, https:\/\/reedact.com\/wp-content\/uploads\/2021\/03\/img-team-adelina-min-93x85.jpg 93w\" sizes=\"(max-width: 600px) 100vw, 600px\" \/><\/div><\/div><div class=\"w-socials align_right color_brand shape_square style_default hover_fade\"><div class=\"w-socials-list\"><div class=\"w-socials-item linkedin\"><a target=\"_blank\" rel=\"nofollow\" href=\"https:\/\/www.linkedin.com\/in\/adelina-constantin-7b7289a6\/\" class=\"w-socials-item-link\" title=\"LinkedIn\" aria-label=\"LinkedIn\"><span class=\"w-socials-item-link-hover\"><\/span><i class=\"fab fa-linkedin\"><\/i><\/a><div class=\"w-socials-item-popup\"><span>LinkedIn<\/span><\/div><\/div><\/div><\/div><\/div><\/div><\/div><\/div><div class=\"w-separator size_small\"><\/div><div class=\"g-cols wpb_row via_flex valign_top type_default stacking_default\"><div class=\"vc_col-sm-9 vc_col-lg-offset-1 vc_col-lg-11 wpb_column vc_column_container\"><div class=\"vc_column-inner us_custom_b0a88090\"><div class=\"wpb_wrapper\"><div class=\"wpb_text_column\"><div class=\"wpb_wrapper\"><p><strong>Z do\u015bwiadczeniem w analizie danych w bran\u017cy IT,<\/strong><\/p>\n<p>Adelina oferuje lepszy wgl\u0105d w najwa\u017cniejsze rynki docelowe, pomagaj\u0105c podejmowa\u0107 lepsze decyzje strategiczne i dociera\u0107 do nowych odbiorc\u00f3w.<\/p>\n<\/div><\/div><\/div><\/div><\/div><\/div><\/div><\/div><\/div><\/div><\/div><\/section><section class=\"l-section wpb_row us_custom_f30d430a height_auto width_full color_custom\"><div class=\"l-section-h i-cf\"><div class=\"g-cols vc_row via_flex valign_top type_default stacking_default\"><div class=\"vc_col-sm-12 wpb_column vc_column_container\"><div class=\"vc_column-inner us_custom_c6190b4a\"><div class=\"wpb_wrapper\"><\/div><\/div><\/div><\/div><\/div><\/section><section class=\"l-section wpb_row us_custom_cbf14fbe height_small color_custom\" id=\"sekcja4\"><div class=\"l-section-h i-cf\"><div class=\"g-cols vc_row via_flex valign_top type_default stacking_default\"><div class=\"vc_col-sm-12 wpb_column vc_column_container\"><div class=\"vc_column-inner us_custom_413a9d1c\"><div class=\"wpb_wrapper\"><div class=\"g-cols wpb_row us_custom_c1982b6e via_flex valign_top type_default stacking_default\"><div class=\"vc_col-sm-12 vc_col-lg-offset-2 vc_col-lg-8 wpb_column vc_column_container\"><div class=\"vc_column-inner us_custom_6b784548\"><div class=\"wpb_wrapper\"><div class=\"w-image us_custom_46532053 align_center\"><div class=\"w-image-h\"><img loading=\"lazy\" decoding=\"async\" width=\"1920\" height=\"2124\" src=\"https:\/\/reedact.com\/wp-content\/uploads\/2022\/01\/roadmap-reedact-EN_v2.jpg\" class=\"attachment-full size-full\" alt=\"\" srcset=\"https:\/\/reedact.com\/wp-content\/uploads\/2022\/01\/roadmap-reedact-EN_v2.jpg 1920w, https:\/\/reedact.com\/wp-content\/uploads\/2022\/01\/roadmap-reedact-EN_v2-271x300.jpg 271w, https:\/\/reedact.com\/wp-content\/uploads\/2022\/01\/roadmap-reedact-EN_v2-926x1024.jpg 926w, https:\/\/reedact.com\/wp-content\/uploads\/2022\/01\/roadmap-reedact-EN_v2-1388x1536.jpg 1388w, https:\/\/reedact.com\/wp-content\/uploads\/2022\/01\/roadmap-reedact-EN_v2-1851x2048.jpg 1851w, https:\/\/reedact.com\/wp-content\/uploads\/2022\/01\/roadmap-reedact-EN_v2-542x600.jpg 542w, https:\/\/reedact.com\/wp-content\/uploads\/2022\/01\/roadmap-reedact-EN_v2-452x500.jpg 452w, https:\/\/reedact.com\/wp-content\/uploads\/2022\/01\/roadmap-reedact-EN_v2-90x100.jpg 90w, https:\/\/reedact.com\/wp-content\/uploads\/2022\/01\/roadmap-reedact-EN_v2-45x50.jpg 45w, https:\/\/reedact.com\/wp-content\/uploads\/2022\/01\/roadmap-reedact-EN_v2-77x85.jpg 77w\" sizes=\"(max-width: 1920px) 100vw, 1920px\" \/><\/div><\/div><\/div><\/div><\/div><\/div><div class=\"g-cols wpb_row via_flex valign_top type_default stacking_default\"><div class=\"vc_col-sm-12 vc_col-lg-offset-3 vc_col-lg-7 wpb_column vc_column_container\"><div class=\"vc_column-inner\"><div class=\"wpb_wrapper\"><div class=\"wpb_text_column us_custom_ebaa06fa has_text_color\"><div class=\"wpb_wrapper\"><p>Ci\u0105g dalszy nast\u0105pi&#8230;<br \/>\nBadania i ulepszenia nigdy si\u0119 nie ko\u0144cz\u0105.<\/p>\n<\/div><\/div><div class=\"w-popup align_none\"><span class=\"w-popup-trigger type_selector\" data-selector=\".get-started\"><\/span><div class=\"w-popup-overlay\" style=\"background:rgba(44,70,82,0.85);\"><\/div><div class=\"w-popup-wrap layout_default\" style=\"--title-color:var(--color-content-heading);--title-bg-color:var(--color-content-bg-alt);--content-color:var(--color-content-text);--content-bg-color:#ffcc33;--popup-width:600px;--popup-padding:10%;\"><div class=\"w-popup-box animation_flipHor closerpos_outside without_title\"><div class=\"w-popup-box-h\"><div class=\"w-popup-box-content\"><p>[contact-form-7 id=&#8221;4573&#8243; title=&#8221;formular-4.95euroEN&#8221;]<\/p>\n<\/div><\/div><\/div><div class=\"w-popup-closer\"><\/div><\/div><\/div><\/div><\/div><\/div><\/div><\/div><\/div><\/div><\/div><\/div><\/section>\n","protected":false},"excerpt":{"rendered":"Strona g\u0142\u00f3wnaStrony[vc_custom_heading text=\"Nasza misja:\" font_container=\"tag:h1|font_size:80px!important|text_align:left\" use_theme_fonts=\"yes\" el_class=\"lineheighth1\" css=\"%7B%22default%22%3A%7B%22font-size%22%3A%22%22%7D%2C%22laptops%22%3A%7B%22font-size%22%3A%22%22%7D%2C%22tablets%22%3A%7B%22font-size%22%3A%2238px%22%7D%2C%22mobiles%22%3A%7B%22font-size%22%3A%2238px%22%7D%7D\"][vc_custom_heading text=\"\u017bYCIORYSY, KT\u00d3RE MAJ\u0104 SI\u0141\u0118 PRZEBICIA.\" font_container=\"tag:p|text_align:left\" use_theme_fonts=\"yes\" el_class=\"lineheighth1\"]CV to obietnica, kt\u00f3ra musi zosta\u0107 spe\u0142niona. Je\u015bli twoje CV wygl\u0105da \u015bwietnie, ale zawiera tylko opisy stanowisk i \u017cadnych innych informacji, to ta obietnica zosta\u0142a z\u0142amana, a ty straci\u0142e\u015b uwag\u0119 rekrutera. Dlatego te\u017c Reedact d\u0105\u017cy do optymalizacji do\u015bwiadcze\u0144 zar\u00f3wno kandydat\u00f3w,...","protected":false},"author":2,"featured_media":0,"parent":0,"menu_order":0,"comment_status":"closed","ping_status":"closed","template":"","meta":{"_lmt_disableupdate":"no","_lmt_disable":"","footnotes":""},"yoast_head":"<!-- This site is optimized with the Yoast SEO Premium plugin v22.3 (Yoast SEO v24.4) - https:\/\/yoast.com\/wordpress\/plugins\/seo\/ -->\n<title>O nas - Reedact<\/title>\n<meta name=\"description\" content=\"Reedact d\u0105\u017cy do optymalizacji do\u015bwiadcze\u0144 zar\u00f3wno kandydat\u00f3w, jak i rekruter\u00f3w poprzez dwutorowe podej\u015bcie do tworzenia kreatywnych CV.\" \/>\n<meta name=\"robots\" content=\"noindex, nofollow\" \/>\n<meta property=\"og:locale\" content=\"pl_PL\" \/>\n<meta property=\"og:type\" content=\"article\" \/>\n<meta property=\"og:title\" content=\"O nas\" \/>\n<meta property=\"og:description\" content=\"Reedact d\u0105\u017cy do optymalizacji do\u015bwiadcze\u0144 zar\u00f3wno kandydat\u00f3w, jak i rekruter\u00f3w poprzez dwutorowe podej\u015bcie do tworzenia kreatywnych CV.\" \/>\n<meta property=\"og:url\" content=\"https:\/\/reedact.com\/pl\/o-nas\/\" \/>\n<meta property=\"og:site_name\" content=\"Reedact\" \/>\n<meta property=\"article:publisher\" content=\"https:\/\/www.facebook.com\/reedact\/\" \/>\n<meta property=\"article:modified_time\" content=\"2024-06-05T13:17:45+00:00\" \/>\n<meta name=\"twitter:card\" content=\"summary_large_image\" \/>\n<meta name=\"twitter:label1\" content=\"Szacowany czas czytania\" \/>\n\t<meta name=\"twitter:data1\" content=\"2 minuty\" \/>\n<script type=\"application\/ld+json\" class=\"yoast-schema-graph\">{\"@context\":\"https:\/\/schema.org\",\"@graph\":[{\"@type\":\"Article\",\"@id\":\"https:\/\/reedact.com\/pl\/o-nas\/#article\",\"isPartOf\":{\"@id\":\"https:\/\/reedact.com\/pl\/o-nas\/\"},\"author\":{\"name\":\"Reedact\",\"@id\":\"https:\/\/reedact.com\/pl\/#\/schema\/person\/4677c88172d4fb7f2d00b0e619da9529\"},\"headline\":\"O nas\",\"datePublished\":\"2024-04-18T14:04:56+00:00\",\"dateModified\":\"2024-06-05T13:17:45+00:00\",\"mainEntityOfPage\":{\"@id\":\"https:\/\/reedact.com\/pl\/o-nas\/\"},\"wordCount\":1090,\"publisher\":{\"@id\":\"https:\/\/reedact.com\/pl\/#organization\"},\"inLanguage\":\"pl-PL\"},{\"@type\":[\"WebPage\",\"AboutPage\"],\"@id\":\"https:\/\/reedact.com\/pl\/o-nas\/\",\"url\":\"https:\/\/reedact.com\/pl\/o-nas\/\",\"name\":\"O nas - Reedact\",\"isPartOf\":{\"@id\":\"https:\/\/reedact.com\/pl\/#website\"},\"datePublished\":\"2024-04-18T14:04:56+00:00\",\"dateModified\":\"2024-06-05T13:17:45+00:00\",\"description\":\"Reedact d\u0105\u017cy do optymalizacji do\u015bwiadcze\u0144 zar\u00f3wno kandydat\u00f3w, jak i rekruter\u00f3w poprzez dwutorowe podej\u015bcie do tworzenia kreatywnych CV.\",\"breadcrumb\":{\"@id\":\"https:\/\/reedact.com\/pl\/o-nas\/#breadcrumb\"},\"inLanguage\":\"pl-PL\",\"potentialAction\":[{\"@type\":\"ReadAction\",\"target\":[\"https:\/\/reedact.com\/pl\/o-nas\/\"]}]},{\"@type\":\"BreadcrumbList\",\"@id\":\"https:\/\/reedact.com\/pl\/o-nas\/#breadcrumb\",\"itemListElement\":[{\"@type\":\"ListItem\",\"position\":1,\"name\":\"Home\",\"item\":\"https:\/\/reedact.com\/pl\/\"},{\"@type\":\"ListItem\",\"position\":2,\"name\":\"O nas\"}]},{\"@type\":\"WebSite\",\"@id\":\"https:\/\/reedact.com\/pl\/#website\",\"url\":\"https:\/\/reedact.com\/pl\/\",\"name\":\"Reedact\",\"description\":\"Your resume. Our mission.\",\"publisher\":{\"@id\":\"https:\/\/reedact.com\/pl\/#organization\"},\"potentialAction\":[{\"@type\":\"SearchAction\",\"target\":{\"@type\":\"EntryPoint\",\"urlTemplate\":\"https:\/\/reedact.com\/pl\/?s={search_term_string}\"},\"query-input\":{\"@type\":\"PropertyValueSpecification\",\"valueRequired\":true,\"valueName\":\"search_term_string\"}}],\"inLanguage\":\"pl-PL\"},{\"@type\":\"Organization\",\"@id\":\"https:\/\/reedact.com\/pl\/#organization\",\"name\":\"Reedact\",\"url\":\"https:\/\/reedact.com\/pl\/\",\"logo\":{\"@type\":\"ImageObject\",\"inLanguage\":\"pl-PL\",\"@id\":\"https:\/\/reedact.com\/pl\/#\/schema\/logo\/image\/\",\"url\":\"https:\/\/reedact.com\/wp-content\/uploads\/2019\/11\/favicon-reedact-min.jpg\",\"contentUrl\":\"https:\/\/reedact.com\/wp-content\/uploads\/2019\/11\/favicon-reedact-min.jpg\",\"width\":100,\"height\":85,\"caption\":\"Reedact\"},\"image\":{\"@id\":\"https:\/\/reedact.com\/pl\/#\/schema\/logo\/image\/\"},\"sameAs\":[\"https:\/\/www.facebook.com\/reedact\/\"]},{\"@type\":\"Person\",\"@id\":\"https:\/\/reedact.com\/pl\/#\/schema\/person\/4677c88172d4fb7f2d00b0e619da9529\",\"name\":\"Reedact\",\"sameAs\":[\"https:\/\/reedact.com\/\"]}]}<\/script>\n<!-- \/ Yoast SEO Premium plugin. -->","yoast_head_json":{"title":"O nas - Reedact","description":"Reedact d\u0105\u017cy do optymalizacji do\u015bwiadcze\u0144 zar\u00f3wno kandydat\u00f3w, jak i rekruter\u00f3w poprzez dwutorowe podej\u015bcie do tworzenia kreatywnych CV.","robots":{"index":"noindex","follow":"nofollow"},"og_locale":"pl_PL","og_type":"article","og_title":"O nas","og_description":"Reedact d\u0105\u017cy do optymalizacji do\u015bwiadcze\u0144 zar\u00f3wno kandydat\u00f3w, jak i rekruter\u00f3w poprzez dwutorowe podej\u015bcie do tworzenia kreatywnych CV.","og_url":"https:\/\/reedact.com\/pl\/o-nas\/","og_site_name":"Reedact","article_publisher":"https:\/\/www.facebook.com\/reedact\/","article_modified_time":"2024-06-05T13:17:45+00:00","twitter_card":"summary_large_image","twitter_misc":{"Szacowany czas czytania":"2 minuty"},"schema":{"@context":"https:\/\/schema.org","@graph":[{"@type":"Article","@id":"https:\/\/reedact.com\/pl\/o-nas\/#article","isPartOf":{"@id":"https:\/\/reedact.com\/pl\/o-nas\/"},"author":{"name":"Reedact","@id":"https:\/\/reedact.com\/pl\/#\/schema\/person\/4677c88172d4fb7f2d00b0e619da9529"},"headline":"O nas","datePublished":"2024-04-18T14:04:56+00:00","dateModified":"2024-06-05T13:17:45+00:00","mainEntityOfPage":{"@id":"https:\/\/reedact.com\/pl\/o-nas\/"},"wordCount":1090,"publisher":{"@id":"https:\/\/reedact.com\/pl\/#organization"},"inLanguage":"pl-PL"},{"@type":["WebPage","AboutPage"],"@id":"https:\/\/reedact.com\/pl\/o-nas\/","url":"https:\/\/reedact.com\/pl\/o-nas\/","name":"O nas - Reedact","isPartOf":{"@id":"https:\/\/reedact.com\/pl\/#website"},"datePublished":"2024-04-18T14:04:56+00:00","dateModified":"2024-06-05T13:17:45+00:00","description":"Reedact d\u0105\u017cy do optymalizacji do\u015bwiadcze\u0144 zar\u00f3wno kandydat\u00f3w, jak i rekruter\u00f3w poprzez dwutorowe podej\u015bcie do tworzenia kreatywnych CV.","breadcrumb":{"@id":"https:\/\/reedact.com\/pl\/o-nas\/#breadcrumb"},"inLanguage":"pl-PL","potentialAction":[{"@type":"ReadAction","target":["https:\/\/reedact.com\/pl\/o-nas\/"]}]},{"@type":"BreadcrumbList","@id":"https:\/\/reedact.com\/pl\/o-nas\/#breadcrumb","itemListElement":[{"@type":"ListItem","position":1,"name":"Home","item":"https:\/\/reedact.com\/pl\/"},{"@type":"ListItem","position":2,"name":"O nas"}]},{"@type":"WebSite","@id":"https:\/\/reedact.com\/pl\/#website","url":"https:\/\/reedact.com\/pl\/","name":"Reedact","description":"Your resume. Our mission.","publisher":{"@id":"https:\/\/reedact.com\/pl\/#organization"},"potentialAction":[{"@type":"SearchAction","target":{"@type":"EntryPoint","urlTemplate":"https:\/\/reedact.com\/pl\/?s={search_term_string}"},"query-input":{"@type":"PropertyValueSpecification","valueRequired":true,"valueName":"search_term_string"}}],"inLanguage":"pl-PL"},{"@type":"Organization","@id":"https:\/\/reedact.com\/pl\/#organization","name":"Reedact","url":"https:\/\/reedact.com\/pl\/","logo":{"@type":"ImageObject","inLanguage":"pl-PL","@id":"https:\/\/reedact.com\/pl\/#\/schema\/logo\/image\/","url":"https:\/\/reedact.com\/wp-content\/uploads\/2019\/11\/favicon-reedact-min.jpg","contentUrl":"https:\/\/reedact.com\/wp-content\/uploads\/2019\/11\/favicon-reedact-min.jpg","width":100,"height":85,"caption":"Reedact"},"image":{"@id":"https:\/\/reedact.com\/pl\/#\/schema\/logo\/image\/"},"sameAs":["https:\/\/www.facebook.com\/reedact\/"]},{"@type":"Person","@id":"https:\/\/reedact.com\/pl\/#\/schema\/person\/4677c88172d4fb7f2d00b0e619da9529","name":"Reedact","sameAs":["https:\/\/reedact.com\/"]}]}},"_links":{"self":[{"href":"https:\/\/reedact.com\/pl\/wp-json\/wp\/v2\/pages\/11307"}],"collection":[{"href":"https:\/\/reedact.com\/pl\/wp-json\/wp\/v2\/pages"}],"about":[{"href":"https:\/\/reedact.com\/pl\/wp-json\/wp\/v2\/types\/page"}],"author":[{"embeddable":true,"href":"https:\/\/reedact.com\/pl\/wp-json\/wp\/v2\/users\/2"}],"replies":[{"embeddable":true,"href":"https:\/\/reedact.com\/pl\/wp-json\/wp\/v2\/comments?post=11307"}],"version-history":[{"count":3,"href":"https:\/\/reedact.com\/pl\/wp-json\/wp\/v2\/pages\/11307\/revisions"}],"predecessor-version":[{"id":11310,"href":"https:\/\/reedact.com\/pl\/wp-json\/wp\/v2\/pages\/11307\/revisions\/11310"}],"wp:attachment":[{"href":"https:\/\/reedact.com\/pl\/wp-json\/wp\/v2\/media?parent=11307"}],"curies":[{"name":"wp","href":"https:\/\/api.w.org\/{rel}","templated":true}]}}