{"id":11311,"date":"2024-04-18T17:06:07","date_gmt":"2024-04-18T14:06:07","guid":{"rendered":"https:\/\/reedact.com\/pytania\/"},"modified":"2025-07-09T17:42:21","modified_gmt":"2025-07-09T14:42:21","slug":"pytania","status":"publish","type":"page","link":"https:\/\/reedact.com\/pl\/pytania\/","title":{"rendered":"Pytania"},"content":{"rendered":"<section class=\"l-section wpb_row us_custom_a59bea36 height_auto type_sticky\"><div class=\"l-section-h i-cf\"><div class=\"g-cols vc_row via_flex valign_top type_default stacking_default\"><div class=\"vc_col-sm-12 wpb_column vc_column_container\"><div class=\"vc_column-inner\"><div class=\"wpb_wrapper\"><nav class=\"g-breadcrumbs us_custom_26e9350d has_text_color separator_icon align_none\"><div class=\"g-breadcrumbs-item\"><a href=\"https:\/\/reedact.com\/pl\/\">Strona g\u0142\u00f3wna<\/a><meta content=\"1\"\/><\/div><div class=\"g-breadcrumbs-separator\"><i class=\"fal fa-fal fa-angle-double-right\"><\/i><\/div><div class=\"g-breadcrumbs-item\">Strony<\/div><\/nav><\/div><\/div><\/div><\/div><\/div><\/section><section class=\"l-section wpb_row height_auto\"><div class=\"l-section-overlay\" style=\"background:#e6e7e8\"><\/div><div class=\"l-section-h i-cf\"><div class=\"g-cols vc_row via_flex valign_top type_default stacking_default\"><div class=\"vc_col-sm-9 wpb_column vc_column_container\"><div class=\"vc_column-inner us_custom_d5569bbd\"><div class=\"wpb_wrapper\"><div class=\"g-cols wpb_row us_custom_28573af7 via_flex valign_top type_default stacking_default\"><div class=\"vc_col-sm-12 wpb_column vc_column_container\"><div class=\"vc_column-inner\"><div class=\"wpb_wrapper\">[vc_custom_heading text=&#8221;Najcz\u0119\u015bciej zadawane pytania&#8221; font_container=&#8221;tag:h1|font_size:100px|text_align:left&#8221; use_theme_fonts=&#8221;yes&#8221; css=&#8221;%7B%22default%22%3A%7B%22font-size%22%3A%22%22%2C%22margin-bottom%22%3A%220.5rem%22%2C%22padding-bottom%22%3A%2212px%22%7D%2C%22laptops%22%3A%7B%22font-size%22%3A%22%22%2C%22margin-bottom%22%3A%220.5rem%22%2C%22padding-bottom%22%3A%2212px%22%7D%2C%22tablets%22%3A%7B%22font-size%22%3A%2238px%22%2C%22margin-bottom%22%3A%220rem%22%2C%22padding-bottom%22%3A%220px%22%7D%2C%22mobiles%22%3A%7B%22font-size%22%3A%2236px%22%2C%22margin-bottom%22%3A%220rem%22%2C%22padding-bottom%22%3A%220px%22%7D%7D&#8221;]<div class=\"wpb_text_column\"><div class=\"wpb_wrapper\"><p>ZNAJD\u0179 ODPOWIED\u0179<\/p>\n<\/div><\/div><\/div><\/div><\/div><\/div><div class=\"g-cols wpb_row us_custom_0d89c9ec via_flex valign_top type_default stacking_default\"><div class=\"vc_col-sm-12 wpb_column vc_column_container\"><div class=\"vc_column-inner\"><div class=\"wpb_wrapper\">[vc_custom_heading text=&#8221;1. Jakie s\u0105 sekcje CV Reedact?&#8221; font_container=&#8221;tag:h3|font_size:32px|text_align:left&#8221; use_theme_fonts=&#8221;yes&#8221; css=&#8221;%7B%22default%22%3A%7B%22font-size%22%3A%22%22%2C%22margin-bottom%22%3A%220.8rem%22%2C%22padding-bottom%22%3A%2212px%22%2C%22border-style%22%3A%22solid%22%2C%22border-bottom-width%22%3A%221px%22%2C%22border-color%22%3A%22%23eac034%22%7D%2C%22laptops%22%3A%7B%22font-size%22%3A%22%22%7D%2C%22tablets%22%3A%7B%22font-size%22%3A%22%22%7D%2C%22mobiles%22%3A%7B%22font-size%22%3A%2230px%22%7D%7D&#8221;]<div class=\"wpb_text_column\"><div class=\"wpb_wrapper\"><p>Naszym celem jest stworzenie kompleksowego podej\u015bcia do Twojej kariery.<br \/>\nSekcje, kt\u00f3re wype\u0142nisz, stworz\u0105 najlepsze odzwierciedlenie Twojej historii zawodowej: dane kontaktowe, osobiste zdj\u0119cie, wykszta\u0142cenie, certyfikaty, wiedza i narz\u0119dzia, g\u0142\u00f3wne umiej\u0119tno\u015bci, historia kariery i osi\u0105gni\u0119cia.<\/p>\n<\/div><\/div><\/div><\/div><\/div><\/div><div class=\"g-cols wpb_row us_custom_0d89c9ec via_flex valign_top type_default stacking_default\"><div class=\"vc_col-sm-12 wpb_column vc_column_container\"><div class=\"vc_column-inner\"><div class=\"wpb_wrapper\">[vc_custom_heading text=&#8221;2. Jak otrzymam moje CV?&#8221; font_container=&#8221;tag:h3|font_size:32px|text_align:left&#8221; use_theme_fonts=&#8221;yes&#8221; css=&#8221;%7B%22default%22%3A%7B%22font-size%22%3A%22%22%2C%22margin-bottom%22%3A%220.8rem%22%2C%22padding-bottom%22%3A%2212px%22%2C%22border-style%22%3A%22solid%22%2C%22border-bottom-width%22%3A%221px%22%2C%22border-color%22%3A%22%23eac034%22%7D%2C%22laptops%22%3A%7B%22font-size%22%3A%22%22%7D%2C%22tablets%22%3A%7B%22font-size%22%3A%22%22%7D%2C%22mobiles%22%3A%7B%22font-size%22%3A%2230px%22%7D%7D&#8221;]<div class=\"wpb_text_column\"><div class=\"wpb_wrapper\"><p>Mo\u017cesz pobra\u0107 swoje CV w dowolnym momencie bezpo\u015brednio z pulpitu nawigacyjnego lub z menu w prawym g\u00f3rnym rogu umieszczonego na stronie podgl\u0105du.<\/p>\n<\/div><\/div><\/div><\/div><\/div><\/div><div class=\"g-cols wpb_row us_custom_0d89c9ec via_flex valign_top type_default stacking_default\"><div class=\"vc_col-sm-12 wpb_column vc_column_container\"><div class=\"vc_column-inner\"><div class=\"wpb_wrapper\">[vc_custom_heading text=&#8221;3. Ile kosztuje CV?&#8221; font_container=&#8221;tag:h3|font_size:32px|text_align:left&#8221; use_theme_fonts=&#8221;yes&#8221; css=&#8221;%7B%22default%22%3A%7B%22font-size%22%3A%22%22%2C%22margin-bottom%22%3A%220.8rem%22%2C%22padding-bottom%22%3A%2212px%22%2C%22border-style%22%3A%22solid%22%2C%22border-bottom-width%22%3A%221px%22%2C%22border-color%22%3A%22%23eac034%22%7D%2C%22laptops%22%3A%7B%22font-size%22%3A%22%22%7D%2C%22tablets%22%3A%7B%22font-size%22%3A%22%22%7D%2C%22mobiles%22%3A%7B%22font-size%22%3A%2230px%22%7D%7D&#8221;]<div class=\"wpb_text_column\"><div class=\"wpb_wrapper\"><p>Jeste\u015bmy w pe\u0142ni transparentni, je\u015bli chodzi o koszty naszych us\u0142ug. Mo\u017cesz aktywowa\u0107 jeden z naszych plan\u00f3w, w zale\u017cno\u015bci od swoich potrzeb. Ka\u017cdy plan zawiera dodatkowe funkcje, a my zapraszamy do zapoznania si\u0119 z nasz\u0105 <a style=\"color: #2c4652;\" href=\"https:\/\/reedact.com\/pl\/wycena\/\" target=\"_blank\" rel=\"noopener noreferrer\"><br \/>\n<strong>polityka cenowa tutaj<\/strong><br \/>\n<\/a>.<\/p>\n<p>Ponadto nie stosujemy cyklicznych rozlicze\u0144, wszystkie nasze plany obejmuj\u0105 p\u0142atno\u015b\u0107 jednorazow\u0105.<\/p>\n<\/div><\/div><\/div><\/div><\/div><\/div><div class=\"g-cols wpb_row us_custom_0d89c9ec via_flex valign_top type_default stacking_default\"><div class=\"vc_col-sm-12 wpb_column vc_column_container\"><div class=\"vc_column-inner\"><div class=\"wpb_wrapper\">[vc_custom_heading text=&#8221;4. P\u0142atno\u015b\u0107&#8221; font_container=&#8221;tag:h3|font_size:32px|text_align:left&#8221; use_theme_fonts=&#8221;yes&#8221; css=&#8221;%7B%22default%22%3A%7B%22font-size%22%3A%22%22%2C%22margin-bottom%22%3A%220.8rem%22%2C%22padding-bottom%22%3A%2212px%22%2C%22border-style%22%3A%22solid%22%2C%22border-bottom-width%22%3A%221px%22%2C%22border-color%22%3A%22%23eac034%22%7D%2C%22laptops%22%3A%7B%22font-size%22%3A%22%22%7D%2C%22tablets%22%3A%7B%22font-size%22%3A%22%22%7D%2C%22mobiles%22%3A%7B%22font-size%22%3A%2230px%22%7D%7D&#8221;]<div class=\"wpb_text_column\"><div class=\"wpb_wrapper\"><div class=\"w-comment__details\">\n<div class=\"w-comment__details-content\">\n<div class=\"h-typo-formatting \">\n<div>\n<p>Online za po\u015brednictwem karty EuPl\u0103tesc (Visa\/Maestro\/Mastercard).<br \/>\nWybieraj\u0105c t\u0119 metod\u0119 p\u0142atno\u015bci, b\u0119dziesz musia\u0142 wype\u0142ni\u0107 formularz z informacjami o swojej karcie na zabezpieczonym ekranie p\u0142atno\u015bci procesora p\u0142atno\u015bci.<\/p>\n<ul>\n<li>P\u0142atno\u015bci kartami debetowymi\/kredytowymi z logo Visa i MasterCard (Visa\/Visa Electron i MasterCard\/Maestro) b\u0119d\u0105 dokonywane za po\u015brednictwem systemu &#8222;3-D Secure&#8221; opracowanego przez organizacje, kt\u00f3re zapewniaj\u0105 taki sam poziom bezpiecze\u0144stwa transakcji online, jak w bankomacie lub mi\u0119dzy u\u017cytkownikiem a sprzedawc\u0105.<\/li>\n<li>&#8222;3-D Secure&#8221; zapewnia, \u017ce \u017cadne informacje dotycz\u0105ce Twojej karty nie s\u0105 przesy\u0142ane ani przechowywane w \u017cadnym momencie na serwerach sklepu lub serwerach procesora p\u0142atno\u015bci, poniewa\u017c s\u0105 one bezpo\u015brednio przesy\u0142ane do system\u00f3w Visa i MasterCard.<\/li>\n<\/ul>\n<p>Warto wiedzie\u0107: w przypadku p\u0142atno\u015bci kart\u0105 nie jest pobierana prowizja.<\/p>\n<\/div>\n<\/div>\n<\/div>\n<\/div>\n<\/div><\/div><\/div><\/div><\/div><\/div><div class=\"g-cols wpb_row us_custom_0d89c9ec via_flex valign_top type_default stacking_default\"><div class=\"vc_col-sm-12 wpb_column vc_column_container\"><div class=\"vc_column-inner\"><div class=\"wpb_wrapper\">[vc_custom_heading text=&#8221;5. Ile zmian mog\u0119 wprowadzi\u0107?&#8221; font_container=&#8221;tag:h3|font_size:32px|text_align:left&#8221; use_theme_fonts=&#8221;yes&#8221; css=&#8221;%7B%22default%22%3A%7B%22font-size%22%3A%22%22%2C%22margin-bottom%22%3A%220.8rem%22%2C%22padding-bottom%22%3A%2212px%22%2C%22border-style%22%3A%22solid%22%2C%22border-bottom-width%22%3A%221px%22%2C%22border-color%22%3A%22%23eac034%22%7D%2C%22laptops%22%3A%7B%22font-size%22%3A%22%22%7D%2C%22tablets%22%3A%7B%22font-size%22%3A%22%22%7D%2C%22mobiles%22%3A%7B%22font-size%22%3A%2230px%22%7D%7D&#8221;]<div class=\"wpb_text_column\"><div class=\"wpb_wrapper\"><p>Mo\u017cesz modyfikowa\u0107 swoje CV tyle razy, ile chcesz, nawet je\u015bli nie jest ono odblokowane, bez ponoszenia dodatkowych koszt\u00f3w.<\/p>\n<\/div><\/div><\/div><\/div><\/div><\/div><div class=\"g-cols wpb_row us_custom_0d89c9ec via_flex valign_top type_default stacking_default\"><div class=\"vc_col-sm-12 wpb_column vc_column_container\"><div class=\"vc_column-inner\"><div class=\"wpb_wrapper\">[vc_custom_heading text=&#8221;6. Czy mog\u0119 tworzy\u0107 \u017cyciorysy w r\u00f3\u017cnych j\u0119zykach?&#8221; font_container=&#8221;tag:h3|font_size:32px|text_align:left&#8221; use_theme_fonts=&#8221;yes&#8221; css=&#8221;%7B%22default%22%3A%7B%22font-size%22%3A%22%22%2C%22margin-bottom%22%3A%220.8rem%22%2C%22padding-bottom%22%3A%2212px%22%2C%22border-style%22%3A%22solid%22%2C%22border-bottom-width%22%3A%221px%22%2C%22border-color%22%3A%22%23eac034%22%7D%2C%22laptops%22%3A%7B%22font-size%22%3A%22%22%7D%2C%22tablets%22%3A%7B%22font-size%22%3A%22%22%7D%2C%22mobiles%22%3A%7B%22font-size%22%3A%2230px%22%7D%7D&#8221;]<div class=\"wpb_text_column\"><div class=\"wpb_wrapper\"><p>Tak, mo\u017cesz stworzy\u0107 swoje CV w j\u0119zyku angielskim, niemieckim, holenderskim, polskim, francuskim lub rumu\u0144skim, w zale\u017cno\u015bci od stanowisk i firm, do kt\u00f3rych aplikujesz. Nie wi\u0105\u017ce si\u0119 to z \u017cadnymi dodatkowymi kosztami.<\/p>\n<\/div><\/div><\/div><\/div><\/div><\/div><div class=\"g-cols wpb_row us_custom_0d89c9ec via_flex valign_top type_default stacking_default\"><div class=\"vc_col-sm-12 wpb_column vc_column_container\"><div class=\"vc_column-inner\"><div class=\"wpb_wrapper\">[vc_custom_heading text=&#8221;7. Czy powinienem doda\u0107 zdj\u0119cie?&#8221; font_container=&#8221;tag:h3|font_size:32px|text_align:left&#8221; use_theme_fonts=&#8221;yes&#8221; css=&#8221;%7B%22default%22%3A%7B%22font-size%22%3A%22%22%2C%22margin-bottom%22%3A%220.8rem%22%2C%22padding-bottom%22%3A%2212px%22%2C%22border-style%22%3A%22solid%22%2C%22border-bottom-width%22%3A%221px%22%2C%22border-color%22%3A%22%23eac034%22%7D%2C%22laptops%22%3A%7B%22font-size%22%3A%22%22%7D%2C%22tablets%22%3A%7B%22font-size%22%3A%22%22%7D%2C%22mobiles%22%3A%7B%22font-size%22%3A%2230px%22%7D%7D&#8221;]<div class=\"wpb_text_column\"><div class=\"wpb_wrapper\"><p>Tak, i zalecamy zdj\u0119cie, kt\u00f3re najlepiej reprezentuje Twoje profesjonalne ja.<br \/>\nAby upewni\u0107 si\u0119, \u017ce jest idealnie dopasowany, zalecamy format .jpg o wymiarach co najmniej 500 x 500 pikseli i mniej ni\u017c 1 Mb.<\/p>\n<\/div><\/div><\/div><\/div><\/div><\/div><div class=\"g-cols wpb_row us_custom_0d89c9ec via_flex valign_top type_default stacking_default\"><div class=\"vc_col-sm-12 wpb_column vc_column_container\"><div class=\"vc_column-inner\"><div class=\"wpb_wrapper\">[vc_custom_heading text=&#8221;8. Czy mog\u0119 zaimportowa\u0107 moje dane z ju\u017c istniej\u0105cego CV?&#8221; font_container=&#8221;tag:h3|font_size:32px|text_align:left&#8221; use_theme_fonts=&#8221;yes&#8221; css=&#8221;%7B%22default%22%3A%7B%22font-size%22%3A%22%22%2C%22margin-bottom%22%3A%220.8rem%22%2C%22padding-bottom%22%3A%2212px%22%2C%22border-style%22%3A%22solid%22%2C%22border-bottom-width%22%3A%221px%22%2C%22border-color%22%3A%22%23eac034%22%7D%2C%22laptops%22%3A%7B%22font-size%22%3A%22%22%7D%2C%22tablets%22%3A%7B%22font-size%22%3A%22%22%7D%2C%22mobiles%22%3A%7B%22font-size%22%3A%2230px%22%7D%7D&#8221;]<div class=\"wpb_text_column\"><div class=\"wpb_wrapper\"><p>W Reedact chcemy pom\u00f3c Ci sta\u0107 si\u0119 kim\u015b wi\u0119cej ni\u017c tylko CV!<br \/>\nPrzyjrzyj si\u0119 wi\u0119c staremu i zdecyduj, co zostanie, a co odejdzie. By\u0107 mo\u017ce nie potrzebujesz nieko\u0144cz\u0105cych si\u0119 stron opis\u00f3w stanowisk lub uko\u0144czonej szko\u0142y \u015bredniej. Skup si\u0119 na tym, co Ci\u0119 wyr\u00f3\u017cnia i pozb\u0105d\u017a si\u0119 dodatkowego obci\u0105\u017cenia!<\/p>\n<\/div><\/div><\/div><\/div><\/div><\/div><div class=\"g-cols wpb_row us_custom_0d89c9ec via_flex valign_top type_default stacking_default\"><div class=\"vc_col-sm-12 wpb_column vc_column_container\"><div class=\"vc_column-inner\"><div class=\"wpb_wrapper\">[vc_custom_heading text=&#8221;9. Gdzie trafiaj\u0105 moje informacje?&#8221; font_container=&#8221;tag:h3|font_size:32px|text_align:left&#8221; use_theme_fonts=&#8221;yes&#8221; css=&#8221;%7B%22default%22%3A%7B%22font-size%22%3A%22%22%2C%22margin-bottom%22%3A%220.8rem%22%2C%22padding-bottom%22%3A%2212px%22%2C%22border-style%22%3A%22solid%22%2C%22border-bottom-width%22%3A%221px%22%2C%22border-color%22%3A%22%23eac034%22%7D%2C%22laptops%22%3A%7B%22font-size%22%3A%22%22%7D%2C%22tablets%22%3A%7B%22font-size%22%3A%22%22%7D%2C%22mobiles%22%3A%7B%22font-size%22%3A%2230px%22%7D%7D&#8221;]<div class=\"wpb_text_column\"><div class=\"wpb_wrapper\"><p>Ta strona jest obs\u0142ugiwana przez Sharevents Global SRL i hostowana na serwerze nale\u017c\u0105cym do hostico.ro.<br \/>\nBardzo jasno i przejrzy\u015bcie informujemy o danych osobowych u\u017cytkownik\u00f3w w naszym <strong><br \/>\n<a style=\"color: #2c4652;\" href=\"https:\/\/reedact.com\/pl\/zasady-i-warunki\/\" target=\"_blank\" rel=\"noopener noreferrer\">Regulaminie<\/a><br \/>\n<\/strong> lub <strong><br \/>\n<a style=\"color: #2c4652;\" href=\"https:\/\/reedact.com\/pl\/polityka-prywatnosci\/\" target=\"_blank\" rel=\"noopener noreferrer\">Polityka prywatno\u015bci<\/a><br \/>\n<\/strong>.<\/p>\n<\/div><\/div><\/div><\/div><\/div><\/div><\/div><\/div><\/div><div class=\"vc_col-sm-3 wpb_column vc_column_container  hide_on_tablets hide_on_mobiles has_bg_color\"><div class=\"vc_column-inner us_custom_69f75dc2 us_animate_this\"><div class=\"wpb_wrapper\"><\/div><\/div><\/div><\/div><\/div><\/section>\n","protected":false},"excerpt":{"rendered":"Strona g\u0142\u00f3wnaStrony[vc_custom_heading text=\"Najcz\u0119\u015bciej zadawane pytania\" font_container=\"tag:h1|font_size:100px|text_align:left\" use_theme_fonts=\"yes\" css=\"%7B%22default%22%3A%7B%22font-size%22%3A%22%22%2C%22margin-bottom%22%3A%220.5rem%22%2C%22padding-bottom%22%3A%2212px%22%7D%2C%22laptops%22%3A%7B%22font-size%22%3A%22%22%2C%22margin-bottom%22%3A%220.5rem%22%2C%22padding-bottom%22%3A%2212px%22%7D%2C%22tablets%22%3A%7B%22font-size%22%3A%2238px%22%2C%22margin-bottom%22%3A%220rem%22%2C%22padding-bottom%22%3A%220px%22%7D%2C%22mobiles%22%3A%7B%22font-size%22%3A%2236px%22%2C%22margin-bottom%22%3A%220rem%22%2C%22padding-bottom%22%3A%220px%22%7D%7D\"]ZNAJD\u0179 ODPOWIED\u0179 [vc_custom_heading text=\"1. Jakie s\u0105 sekcje CV Reedact?\" font_container=\"tag:h3|font_size:32px|text_align:left\" use_theme_fonts=\"yes\" css=\"%7B%22default%22%3A%7B%22font-size%22%3A%22%22%2C%22margin-bottom%22%3A%220.8rem%22%2C%22padding-bottom%22%3A%2212px%22%2C%22border-style%22%3A%22solid%22%2C%22border-bottom-width%22%3A%221px%22%2C%22border-color%22%3A%22%23eac034%22%7D%2C%22laptops%22%3A%7B%22font-size%22%3A%22%22%7D%2C%22tablets%22%3A%7B%22font-size%22%3A%22%22%7D%2C%22mobiles%22%3A%7B%22font-size%22%3A%2230px%22%7D%7D\"]Naszym celem jest stworzenie kompleksowego podej\u015bcia do Twojej kariery. Sekcje, kt\u00f3re wype\u0142nisz, stworz\u0105 najlepsze odzwierciedlenie Twojej historii zawodowej: dane kontaktowe, osobiste zdj\u0119cie, wykszta\u0142cenie, certyfikaty, wiedza i narz\u0119dzia, g\u0142\u00f3wne umiej\u0119tno\u015bci, historia kariery i osi\u0105gni\u0119cia. [vc_custom_heading text=\"2. Jak otrzymam...","protected":false},"author":2,"featured_media":0,"parent":0,"menu_order":0,"comment_status":"closed","ping_status":"closed","template":"","meta":{"_lmt_disableupdate":"no","_lmt_disable":"","footnotes":""},"yoast_head":"<!-- This site is optimized with the Yoast SEO Premium plugin v22.3 (Yoast SEO v24.4) - https:\/\/yoast.com\/wordpress\/plugins\/seo\/ -->\n<title>Pytania - Reedact<\/title>\n<meta name=\"robots\" content=\"noindex, nofollow\" \/>\n<meta property=\"og:locale\" content=\"pl_PL\" \/>\n<meta property=\"og:type\" content=\"article\" \/>\n<meta property=\"og:title\" content=\"Pytania\" \/>\n<meta property=\"og:url\" content=\"https:\/\/reedact.com\/pl\/pytania\/\" \/>\n<meta property=\"og:site_name\" content=\"Reedact\" \/>\n<meta property=\"article:publisher\" content=\"https:\/\/www.facebook.com\/reedact\/\" \/>\n<meta property=\"article:modified_time\" content=\"2025-07-09T14:42:21+00:00\" \/>\n<meta name=\"twitter:card\" content=\"summary_large_image\" \/>\n<meta name=\"twitter:label1\" content=\"Szacowany czas czytania\" \/>\n\t<meta name=\"twitter:data1\" content=\"3 minuty\" \/>\n<script type=\"application\/ld+json\" class=\"yoast-schema-graph\">{\"@context\":\"https:\/\/schema.org\",\"@graph\":[{\"@type\":\"Article\",\"@id\":\"https:\/\/reedact.com\/pl\/pytania\/#article\",\"isPartOf\":{\"@id\":\"https:\/\/reedact.com\/pl\/pytania\/\"},\"author\":{\"name\":\"Reedact\",\"@id\":\"https:\/\/reedact.com\/pl\/#\/schema\/person\/4677c88172d4fb7f2d00b0e619da9529\"},\"headline\":\"Pytania\",\"datePublished\":\"2024-04-18T14:06:07+00:00\",\"dateModified\":\"2025-07-09T14:42:21+00:00\",\"mainEntityOfPage\":{\"@id\":\"https:\/\/reedact.com\/pl\/pytania\/\"},\"wordCount\":1695,\"publisher\":{\"@id\":\"https:\/\/reedact.com\/pl\/#organization\"},\"inLanguage\":\"pl-PL\"},{\"@type\":[\"WebPage\",\"FAQPage\"],\"@id\":\"https:\/\/reedact.com\/pl\/pytania\/\",\"url\":\"https:\/\/reedact.com\/pl\/pytania\/\",\"name\":\"Pytania - Reedact\",\"isPartOf\":{\"@id\":\"https:\/\/reedact.com\/pl\/#website\"},\"datePublished\":\"2024-04-18T14:06:07+00:00\",\"dateModified\":\"2025-07-09T14:42:21+00:00\",\"breadcrumb\":{\"@id\":\"https:\/\/reedact.com\/pl\/pytania\/#breadcrumb\"},\"inLanguage\":\"pl-PL\",\"potentialAction\":[{\"@type\":\"ReadAction\",\"target\":[\"https:\/\/reedact.com\/pl\/pytania\/\"]}]},{\"@type\":\"BreadcrumbList\",\"@id\":\"https:\/\/reedact.com\/pl\/pytania\/#breadcrumb\",\"itemListElement\":[{\"@type\":\"ListItem\",\"position\":1,\"name\":\"Home\",\"item\":\"https:\/\/reedact.com\/pl\/\"},{\"@type\":\"ListItem\",\"position\":2,\"name\":\"Pytania\"}]},{\"@type\":\"WebSite\",\"@id\":\"https:\/\/reedact.com\/pl\/#website\",\"url\":\"https:\/\/reedact.com\/pl\/\",\"name\":\"Reedact\",\"description\":\"Your resume. Our mission.\",\"publisher\":{\"@id\":\"https:\/\/reedact.com\/pl\/#organization\"},\"potentialAction\":[{\"@type\":\"SearchAction\",\"target\":{\"@type\":\"EntryPoint\",\"urlTemplate\":\"https:\/\/reedact.com\/pl\/?s={search_term_string}\"},\"query-input\":{\"@type\":\"PropertyValueSpecification\",\"valueRequired\":true,\"valueName\":\"search_term_string\"}}],\"inLanguage\":\"pl-PL\"},{\"@type\":\"Organization\",\"@id\":\"https:\/\/reedact.com\/pl\/#organization\",\"name\":\"Reedact\",\"url\":\"https:\/\/reedact.com\/pl\/\",\"logo\":{\"@type\":\"ImageObject\",\"inLanguage\":\"pl-PL\",\"@id\":\"https:\/\/reedact.com\/pl\/#\/schema\/logo\/image\/\",\"url\":\"https:\/\/reedact.com\/wp-content\/uploads\/2019\/11\/favicon-reedact-min.jpg\",\"contentUrl\":\"https:\/\/reedact.com\/wp-content\/uploads\/2019\/11\/favicon-reedact-min.jpg\",\"width\":100,\"height\":85,\"caption\":\"Reedact\"},\"image\":{\"@id\":\"https:\/\/reedact.com\/pl\/#\/schema\/logo\/image\/\"},\"sameAs\":[\"https:\/\/www.facebook.com\/reedact\/\"]},{\"@type\":\"Person\",\"@id\":\"https:\/\/reedact.com\/pl\/#\/schema\/person\/4677c88172d4fb7f2d00b0e619da9529\",\"name\":\"Reedact\",\"sameAs\":[\"https:\/\/reedact.com\/\"]}]}<\/script>\n<!-- \/ Yoast SEO Premium plugin. -->","yoast_head_json":{"title":"Pytania - Reedact","robots":{"index":"noindex","follow":"nofollow"},"og_locale":"pl_PL","og_type":"article","og_title":"Pytania","og_url":"https:\/\/reedact.com\/pl\/pytania\/","og_site_name":"Reedact","article_publisher":"https:\/\/www.facebook.com\/reedact\/","article_modified_time":"2025-07-09T14:42:21+00:00","twitter_card":"summary_large_image","twitter_misc":{"Szacowany czas czytania":"3 minuty"},"schema":{"@context":"https:\/\/schema.org","@graph":[{"@type":"Article","@id":"https:\/\/reedact.com\/pl\/pytania\/#article","isPartOf":{"@id":"https:\/\/reedact.com\/pl\/pytania\/"},"author":{"name":"Reedact","@id":"https:\/\/reedact.com\/pl\/#\/schema\/person\/4677c88172d4fb7f2d00b0e619da9529"},"headline":"Pytania","datePublished":"2024-04-18T14:06:07+00:00","dateModified":"2025-07-09T14:42:21+00:00","mainEntityOfPage":{"@id":"https:\/\/reedact.com\/pl\/pytania\/"},"wordCount":1695,"publisher":{"@id":"https:\/\/reedact.com\/pl\/#organization"},"inLanguage":"pl-PL"},{"@type":["WebPage","FAQPage"],"@id":"https:\/\/reedact.com\/pl\/pytania\/","url":"https:\/\/reedact.com\/pl\/pytania\/","name":"Pytania - Reedact","isPartOf":{"@id":"https:\/\/reedact.com\/pl\/#website"},"datePublished":"2024-04-18T14:06:07+00:00","dateModified":"2025-07-09T14:42:21+00:00","breadcrumb":{"@id":"https:\/\/reedact.com\/pl\/pytania\/#breadcrumb"},"inLanguage":"pl-PL","potentialAction":[{"@type":"ReadAction","target":["https:\/\/reedact.com\/pl\/pytania\/"]}]},{"@type":"BreadcrumbList","@id":"https:\/\/reedact.com\/pl\/pytania\/#breadcrumb","itemListElement":[{"@type":"ListItem","position":1,"name":"Home","item":"https:\/\/reedact.com\/pl\/"},{"@type":"ListItem","position":2,"name":"Pytania"}]},{"@type":"WebSite","@id":"https:\/\/reedact.com\/pl\/#website","url":"https:\/\/reedact.com\/pl\/","name":"Reedact","description":"Your resume. Our mission.","publisher":{"@id":"https:\/\/reedact.com\/pl\/#organization"},"potentialAction":[{"@type":"SearchAction","target":{"@type":"EntryPoint","urlTemplate":"https:\/\/reedact.com\/pl\/?s={search_term_string}"},"query-input":{"@type":"PropertyValueSpecification","valueRequired":true,"valueName":"search_term_string"}}],"inLanguage":"pl-PL"},{"@type":"Organization","@id":"https:\/\/reedact.com\/pl\/#organization","name":"Reedact","url":"https:\/\/reedact.com\/pl\/","logo":{"@type":"ImageObject","inLanguage":"pl-PL","@id":"https:\/\/reedact.com\/pl\/#\/schema\/logo\/image\/","url":"https:\/\/reedact.com\/wp-content\/uploads\/2019\/11\/favicon-reedact-min.jpg","contentUrl":"https:\/\/reedact.com\/wp-content\/uploads\/2019\/11\/favicon-reedact-min.jpg","width":100,"height":85,"caption":"Reedact"},"image":{"@id":"https:\/\/reedact.com\/pl\/#\/schema\/logo\/image\/"},"sameAs":["https:\/\/www.facebook.com\/reedact\/"]},{"@type":"Person","@id":"https:\/\/reedact.com\/pl\/#\/schema\/person\/4677c88172d4fb7f2d00b0e619da9529","name":"Reedact","sameAs":["https:\/\/reedact.com\/"]}]}},"_links":{"self":[{"href":"https:\/\/reedact.com\/pl\/wp-json\/wp\/v2\/pages\/11311"}],"collection":[{"href":"https:\/\/reedact.com\/pl\/wp-json\/wp\/v2\/pages"}],"about":[{"href":"https:\/\/reedact.com\/pl\/wp-json\/wp\/v2\/types\/page"}],"author":[{"embeddable":true,"href":"https:\/\/reedact.com\/pl\/wp-json\/wp\/v2\/users\/2"}],"replies":[{"embeddable":true,"href":"https:\/\/reedact.com\/pl\/wp-json\/wp\/v2\/comments?post=11311"}],"version-history":[{"count":3,"href":"https:\/\/reedact.com\/pl\/wp-json\/wp\/v2\/pages\/11311\/revisions"}],"predecessor-version":[{"id":11938,"href":"https:\/\/reedact.com\/pl\/wp-json\/wp\/v2\/pages\/11311\/revisions\/11938"}],"wp:attachment":[{"href":"https:\/\/reedact.com\/pl\/wp-json\/wp\/v2\/media?parent=11311"}],"curies":[{"name":"wp","href":"https:\/\/api.w.org\/{rel}","templated":true}]}}