{"id":10124,"date":"2024-02-06T15:01:47","date_gmt":"2024-02-06T13:01:47","guid":{"rendered":"https:\/\/reedact.connectmediadigital.ro\/faqs-2\/"},"modified":"2025-07-09T17:43:18","modified_gmt":"2025-07-09T14:43:18","slug":"faqs","status":"publish","type":"page","link":"https:\/\/reedact.com\/ro\/faqs\/","title":{"rendered":"Faqs"},"content":{"rendered":"<section class=\"l-section wpb_row us_custom_a59bea36 height_auto type_sticky\"><div class=\"l-section-h i-cf\"><div class=\"g-cols vc_row via_flex valign_top type_default stacking_default\"><div class=\"vc_col-sm-12 wpb_column vc_column_container\"><div class=\"vc_column-inner\"><div class=\"wpb_wrapper\"><nav class=\"g-breadcrumbs us_custom_26e9350d has_text_color separator_icon align_none\"><div class=\"g-breadcrumbs-item\"><a href=\"https:\/\/reedact.com\/ro\/\">Prima pagin\u0103<\/a><meta content=\"1\"\/><\/div><div class=\"g-breadcrumbs-separator\"><i class=\"fal fa-fal fa-angle-double-right\"><\/i><\/div><div class=\"g-breadcrumbs-item\">Pagini<\/div><\/nav><\/div><\/div><\/div><\/div><\/div><\/section><section class=\"l-section wpb_row height_auto\"><div class=\"l-section-overlay\" style=\"background:#e6e7e8\"><\/div><div class=\"l-section-h i-cf\"><div class=\"g-cols vc_row via_flex valign_top type_default stacking_default\"><div class=\"vc_col-sm-9 wpb_column vc_column_container\"><div class=\"vc_column-inner us_custom_d5569bbd\"><div class=\"wpb_wrapper\"><div class=\"g-cols wpb_row us_custom_28573af7 via_flex valign_top type_default stacking_default\"><div class=\"vc_col-sm-12 wpb_column vc_column_container\"><div class=\"vc_column-inner\"><div class=\"wpb_wrapper\">[vc_custom_heading text=&#8221;FAQs&#8221; font_container=&#8221;tag:h1|font_size:100px|text_align:left&#8221; use_theme_fonts=&#8221;yes&#8221; css=&#8221;%7B%22default%22%3A%7B%22font-size%22%3A%22%22%2C%22margin-bottom%22%3A%220.5rem%22%2C%22padding-bottom%22%3A%2212px%22%7D%2C%22laptops%22%3A%7B%22font-size%22%3A%22%22%2C%22margin-bottom%22%3A%220.5rem%22%2C%22padding-bottom%22%3A%2212px%22%7D%2C%22tablets%22%3A%7B%22font-size%22%3A%2238px%22%2C%22margin-bottom%22%3A%220rem%22%2C%22padding-bottom%22%3A%220px%22%7D%2C%22mobiles%22%3A%7B%22font-size%22%3A%2236px%22%2C%22margin-bottom%22%3A%220rem%22%2C%22padding-bottom%22%3A%220px%22%7D%7D&#8221;]<div class=\"wpb_text_column\"><div class=\"wpb_wrapper\"><p>R\u0102SPUNSURI CONSTRUCTIVE<\/p>\n<\/div><\/div><\/div><\/div><\/div><\/div><div class=\"g-cols wpb_row us_custom_0d89c9ec via_flex valign_top type_default stacking_default\"><div class=\"vc_col-sm-12 wpb_column vc_column_container\"><div class=\"vc_column-inner\"><div class=\"wpb_wrapper\">[vc_custom_heading text=&#8221;1. Care sunt sec\u021biunile CV-ului Reedact?&#8221; font_container=&#8221;tag:h3|font_size:32px|text_align:left&#8221; use_theme_fonts=&#8221;yes&#8221; css=&#8221;%7B%22default%22%3A%7B%22font-size%22%3A%22%22%2C%22margin-bottom%22%3A%220.8rem%22%2C%22padding-bottom%22%3A%2212px%22%2C%22border-style%22%3A%22solid%22%2C%22border-bottom-width%22%3A%221px%22%2C%22border-color%22%3A%22%23eac034%22%7D%2C%22laptops%22%3A%7B%22font-size%22%3A%22%22%7D%2C%22tablets%22%3A%7B%22font-size%22%3A%22%22%7D%2C%22mobiles%22%3A%7B%22font-size%22%3A%2230px%22%7D%7D&#8221;]<div class=\"wpb_text_column\"><div class=\"wpb_wrapper\"><p>Vrem s\u0103 \u00ee\u021bi oferim o perspectiv\u0103 complet\u0103 a carierei tale.<br \/>\nSec\u021biunile pe care le vei completa vor crea cea mai bun\u0103 imagine a istoricului t\u0103u profesional: detalii de contact, fotografie de profil, educa\u021bie, certific\u0103ri, cuno\u0219tin\u021be \u0219i tool-uri, abilit\u0103\u021bi principale, istoric \u0219i realiz\u0103ri.<\/p>\n<\/div><\/div><\/div><\/div><\/div><\/div><div class=\"g-cols wpb_row us_custom_0d89c9ec via_flex valign_top type_default stacking_default\"><div class=\"vc_col-sm-12 wpb_column vc_column_container\"><div class=\"vc_column-inner\"><div class=\"wpb_wrapper\">[vc_custom_heading text=&#8221;2. Cum \u00eemi primesc CV-ul?&#8221; font_container=&#8221;tag:h3|font_size:32px|text_align:left&#8221; use_theme_fonts=&#8221;yes&#8221; css=&#8221;%7B%22default%22%3A%7B%22font-size%22%3A%22%22%2C%22margin-bottom%22%3A%220.8rem%22%2C%22padding-bottom%22%3A%2212px%22%2C%22border-style%22%3A%22solid%22%2C%22border-bottom-width%22%3A%221px%22%2C%22border-color%22%3A%22%23eac034%22%7D%2C%22laptops%22%3A%7B%22font-size%22%3A%22%22%7D%2C%22tablets%22%3A%7B%22font-size%22%3A%22%22%7D%2C%22mobiles%22%3A%7B%22font-size%22%3A%2230px%22%7D%7D&#8221;]<div class=\"wpb_text_column\"><div class=\"wpb_wrapper\"><p>\u00ce\u021bi po\u021bi desc\u0103rca oric\u00e2nd CV-ul din tabloul de bord, sau din meniul din dreapta sus \u00een pagina de previzualizare.<\/p>\n<\/div><\/div><\/div><\/div><\/div><\/div><div class=\"g-cols wpb_row us_custom_0d89c9ec via_flex valign_top type_default stacking_default\"><div class=\"vc_col-sm-12 wpb_column vc_column_container\"><div class=\"vc_column-inner\"><div class=\"wpb_wrapper\">[vc_custom_heading text=&#8221;3. Care este costul CV-ului?&#8221; font_container=&#8221;tag:h3|font_size:32px|text_align:left&#8221; use_theme_fonts=&#8221;yes&#8221; css=&#8221;%7B%22default%22%3A%7B%22font-size%22%3A%22%22%2C%22margin-bottom%22%3A%220.8rem%22%2C%22padding-bottom%22%3A%2212px%22%2C%22border-style%22%3A%22solid%22%2C%22border-bottom-width%22%3A%221px%22%2C%22border-color%22%3A%22%23eac034%22%7D%2C%22laptops%22%3A%7B%22font-size%22%3A%22%22%7D%2C%22tablets%22%3A%7B%22font-size%22%3A%22%22%7D%2C%22mobiles%22%3A%7B%22font-size%22%3A%2230px%22%7D%7D&#8221;]<div class=\"wpb_text_column\"><div class=\"wpb_wrapper\"><p>Suntem pe deplin transparen\u021bi \u00een ceea ce prive\u0219te costul serviciilor noastre. Po\u021bi activa unul dintre planurile noastre, \u00een func\u021bie de nevoile tale. Fiecare plan vine cu op\u021biuni suplimentare \u0219i te invit\u0103m s\u0103 aflii mai multe despre politica noastr\u0103 de pre\u021buri, <a style=\"color: #2c4652;\" href=\"https:\/\/reedact.com\/ro\/preturi\/\" rel=\"noopener noreferrer\"><strong>aici<\/strong><\/a>.<\/p>\n<p>De asemenea, nu aplic\u0103m facturare recurent\u0103, toate planurile noastre includ o plat\u0103 one-time.<\/p>\n<\/div><\/div><\/div><\/div><\/div><\/div><div class=\"g-cols wpb_row us_custom_0d89c9ec via_flex valign_top type_default stacking_default\"><div class=\"vc_col-sm-12 wpb_column vc_column_container\"><div class=\"vc_column-inner\"><div class=\"wpb_wrapper\">[vc_custom_heading text=&#8221;4. Plat\u0103&#8221; font_container=&#8221;tag:h3|font_size:32px|text_align:left&#8221; use_theme_fonts=&#8221;yes&#8221; css=&#8221;%7B%22default%22%3A%7B%22font-size%22%3A%22%22%2C%22margin-bottom%22%3A%220.8rem%22%2C%22padding-bottom%22%3A%2212px%22%2C%22border-style%22%3A%22solid%22%2C%22border-bottom-width%22%3A%221px%22%2C%22border-color%22%3A%22%23eac034%22%7D%2C%22laptops%22%3A%7B%22font-size%22%3A%22%22%7D%2C%22tablets%22%3A%7B%22font-size%22%3A%22%22%7D%2C%22mobiles%22%3A%7B%22font-size%22%3A%2230px%22%7D%7D&#8221;]<div class=\"wpb_text_column\"><div class=\"wpb_wrapper\"><p>Online cu card bancar prin EuPl\u0103tesc (Visa\/Maestro\/Mastercard).<br \/>\nAleg\u00e2nd metoda de plat\u0103 \u201cOnline prin card bancar\u201d este necesar s\u0103 completa\u021bi un formular cu informa\u021biile cardului t\u0103u \u00een pagina securizat\u0103 a procesatorului de pl\u0103\u021bi.<\/p>\n<ul>\n<li>Pl\u0103\u021bile cu carduri de credit\/debit emise sub sigla Visa \u0219i MasterCard (Visa\/Visa Electron \u0219i MasterCard\/Maestro) se efectueaz\u0103 prin intermediul sistemului \u201c3-D Secure\u201d elaborat de organiza\u021biile care asigur\u0103 tranzac\u021biilor on-line acela\u0219i nivel de securitate ca cele realizate la bancomat sau \u00een mediul fizic, la comerciant.<\/li>\n<li>\u201c3-D Secure\u201d asigur\u0103 \u00een primul r\u00e2nd c\u0103 nicio informa\u021bie legat\u0103 de cardul t\u0103u nu este transferat\u0103 sau stocat\u0103, la nici un moment de timp, pe serverele magazinului sau pe serverele procesatorului de pl\u0103\u021bi, aceste date fiind direct introduse \u00een sistemele Visa \u0219i MasterCard.<\/li>\n<\/ul>\n<p>Important de \u0219tiut: Pentru pl\u0103\u021bile prin card bancar nu este perceput niciun comision!<\/p>\n<\/div><\/div><\/div><\/div><\/div><\/div><div class=\"g-cols wpb_row us_custom_0d89c9ec via_flex valign_top type_default stacking_default\"><div class=\"vc_col-sm-12 wpb_column vc_column_container\"><div class=\"vc_column-inner\"><div class=\"wpb_wrapper\">[vc_custom_heading text=&#8221;5. C\u00e2te modific\u0103ri pot face?&#8221; font_container=&#8221;tag:h3|font_size:32px|text_align:left&#8221; use_theme_fonts=&#8221;yes&#8221; css=&#8221;%7B%22default%22%3A%7B%22font-size%22%3A%22%22%2C%22margin-bottom%22%3A%220.8rem%22%2C%22padding-bottom%22%3A%2212px%22%2C%22border-style%22%3A%22solid%22%2C%22border-bottom-width%22%3A%221px%22%2C%22border-color%22%3A%22%23eac034%22%7D%2C%22laptops%22%3A%7B%22font-size%22%3A%22%22%7D%2C%22tablets%22%3A%7B%22font-size%22%3A%22%22%7D%2C%22mobiles%22%3A%7B%22font-size%22%3A%2230px%22%7D%7D&#8221;]<div class=\"wpb_text_column\"><div class=\"wpb_wrapper\"><p>Po\u021bi modifica CV-ul de c\u00e2te ori dore\u0219ti, chiar dac\u0103 informa\u021biile din zona personal\u0103 nu sunt afi\u0219ate, f\u0103r\u0103 a pl\u0103ti extra.<\/p>\n<\/div><\/div><\/div><\/div><\/div><\/div><div class=\"g-cols wpb_row us_custom_0d89c9ec via_flex valign_top type_default stacking_default\"><div class=\"vc_col-sm-12 wpb_column vc_column_container\"><div class=\"vc_column-inner\"><div class=\"wpb_wrapper\">[vc_custom_heading text=&#8221;6. Pot crea CV-ul \u00een mai multe limbi?&#8221; font_container=&#8221;tag:h3|font_size:32px|text_align:left&#8221; use_theme_fonts=&#8221;yes&#8221; css=&#8221;%7B%22default%22%3A%7B%22font-size%22%3A%22%22%2C%22margin-bottom%22%3A%220.8rem%22%2C%22padding-bottom%22%3A%2212px%22%2C%22border-style%22%3A%22solid%22%2C%22border-bottom-width%22%3A%221px%22%2C%22border-color%22%3A%22%23eac034%22%7D%2C%22laptops%22%3A%7B%22font-size%22%3A%22%22%7D%2C%22tablets%22%3A%7B%22font-size%22%3A%22%22%7D%2C%22mobiles%22%3A%7B%22font-size%22%3A%2230px%22%7D%7D&#8221;]<div class=\"wpb_text_column\"><div class=\"wpb_wrapper\"><p>Da, \u00ee\u021bi po\u021bi construi CV-ul \u00een englez\u0103, german\u0103, olandez\u0103, polonez\u0103, francez\u0103 sau rom\u00e2n\u0103, \u00een func\u021bie de posturile \u0219i companiile la care aplici. Nu implic\u0103 niciun cost extra.<\/p>\n<\/div><\/div><\/div><\/div><\/div><\/div><div class=\"g-cols wpb_row us_custom_0d89c9ec via_flex valign_top type_default stacking_default\"><div class=\"vc_col-sm-12 wpb_column vc_column_container\"><div class=\"vc_column-inner\"><div class=\"wpb_wrapper\">[vc_custom_heading text=&#8221;7. Trebuie s\u0103 adaug \u0219i o fotografie?&#8221; font_container=&#8221;tag:h3|font_size:32px|text_align:left&#8221; use_theme_fonts=&#8221;yes&#8221; css=&#8221;%7B%22default%22%3A%7B%22font-size%22%3A%22%22%2C%22margin-bottom%22%3A%220.8rem%22%2C%22padding-bottom%22%3A%2212px%22%2C%22border-style%22%3A%22solid%22%2C%22border-bottom-width%22%3A%221px%22%2C%22border-color%22%3A%22%23eac034%22%7D%2C%22laptops%22%3A%7B%22font-size%22%3A%22%22%7D%2C%22tablets%22%3A%7B%22font-size%22%3A%22%22%7D%2C%22mobiles%22%3A%7B%22font-size%22%3A%2230px%22%7D%7D&#8221;]<div class=\"wpb_text_column\"><div class=\"wpb_wrapper\"><div>Da, \u0219i \u00ee\u021bi recomand\u0103m o fotografie care s\u0103 te reprezinte cel mai bine din punct de vedere profesional.<\/div>\n<div>Pentru a te asigura c\u0103 se potrive\u0219te perfect, \u00ee\u021bi recomand\u0103m un format .jpg de cel pu\u021bin 500&#215;500 pixeli \u0219i sub 1 Mb.<\/div>\n<\/div><\/div><\/div><\/div><\/div><\/div><div class=\"g-cols wpb_row us_custom_0d89c9ec via_flex valign_top type_default stacking_default\"><div class=\"vc_col-sm-12 wpb_column vc_column_container\"><div class=\"vc_column-inner\"><div class=\"wpb_wrapper\">[vc_custom_heading text=&#8221;8. Pot importa detaliile dintr-un CV deja existent?&#8221; font_container=&#8221;tag:h3|font_size:32px|text_align:left&#8221; use_theme_fonts=&#8221;yes&#8221; css=&#8221;%7B%22default%22%3A%7B%22font-size%22%3A%22%22%2C%22margin-bottom%22%3A%220.8rem%22%2C%22padding-bottom%22%3A%2212px%22%2C%22border-style%22%3A%22solid%22%2C%22border-bottom-width%22%3A%221px%22%2C%22border-color%22%3A%22%23eac034%22%7D%2C%22laptops%22%3A%7B%22font-size%22%3A%22%22%7D%2C%22tablets%22%3A%7B%22font-size%22%3A%22%22%7D%2C%22mobiles%22%3A%7B%22font-size%22%3A%2230px%22%7D%7D&#8221;]<div class=\"wpb_text_column\"><div class=\"wpb_wrapper\"><p>La Reedact vrem s\u0103 te ajut\u0103m s\u0103 devii mai mult dec\u00e2t un CV!<br \/>\nA\u0219a c\u0103 uit\u0103-te pe CV-ul t\u0103u vechi \u0219i hot\u0103r\u0103\u0219te ce r\u0103m\u00e2ne \u0219i ce nu. Poate nu ai nevoie de pagini irelevante cu descrieri de job, sau liceul pe care l-ai absolvit. Concentreaz\u0103-te pe ceea ce te scoate \u00een eviden\u021b\u0103, \u0219i elimin\u0103 tot ce nu face asta.<\/p>\n<\/div><\/div><\/div><\/div><\/div><\/div><div class=\"g-cols wpb_row us_custom_0d89c9ec via_flex valign_top type_default stacking_default\"><div class=\"vc_col-sm-12 wpb_column vc_column_container\"><div class=\"vc_column-inner\"><div class=\"wpb_wrapper\">[vc_custom_heading text=&#8221;9. Unde ajung informa\u021biile mele?&#8221; font_container=&#8221;tag:h3|font_size:32px|text_align:left&#8221; use_theme_fonts=&#8221;yes&#8221; css=&#8221;%7B%22default%22%3A%7B%22font-size%22%3A%22%22%2C%22margin-bottom%22%3A%220.8rem%22%2C%22padding-bottom%22%3A%2212px%22%2C%22border-style%22%3A%22solid%22%2C%22border-bottom-width%22%3A%221px%22%2C%22border-color%22%3A%22%23eac034%22%7D%2C%22laptops%22%3A%7B%22font-size%22%3A%22%22%7D%2C%22tablets%22%3A%7B%22font-size%22%3A%22%22%7D%2C%22mobiles%22%3A%7B%22font-size%22%3A%2230px%22%7D%7D&#8221;]<div class=\"wpb_text_column\"><div class=\"wpb_wrapper\"><p>Acest website este operat de Sharevent Global SRL \u0219i este g\u0103zduit pe un server de\u021binut de hostico.ro.<br \/>\nDetaliem tot ce se \u00eent\u00e2mpl\u0103 cu informa\u021biile tale cu caracter personal \u00een <strong><a style=\"color: #2c4652;\" href=\"https:\/\/reedact.com\/ro\/termeni-si-conditii\/\" rel=\"noopener noreferrer\">Termeni \u0219i Condi\u021bii<\/a><\/strong> \u0219i \u00een <strong><a style=\"color: #2c4652;\" href=\"https:\/\/reedact.com\/ro\/politica-de-confidentialitate\/\" rel=\"noopener noreferrer\">Politica de Confiden\u021bialitate a Datelor<\/a><\/strong>.<\/p>\n<\/div><\/div><\/div><\/div><\/div><\/div><\/div><\/div><\/div><div class=\"vc_col-sm-3 wpb_column vc_column_container  hide_on_tablets hide_on_mobiles has_bg_color\"><div class=\"vc_column-inner us_custom_69f75dc2 us_animate_this\"><div class=\"wpb_wrapper\"><\/div><\/div><\/div><\/div><\/div><\/section>\n","protected":false},"excerpt":{"rendered":"Prima pagin\u0103Pagini[vc_custom_heading text=\"FAQs\" font_container=\"tag:h1|font_size:100px|text_align:left\" use_theme_fonts=\"yes\" css=\"%7B%22default%22%3A%7B%22font-size%22%3A%22%22%2C%22margin-bottom%22%3A%220.5rem%22%2C%22padding-bottom%22%3A%2212px%22%7D%2C%22laptops%22%3A%7B%22font-size%22%3A%22%22%2C%22margin-bottom%22%3A%220.5rem%22%2C%22padding-bottom%22%3A%2212px%22%7D%2C%22tablets%22%3A%7B%22font-size%22%3A%2238px%22%2C%22margin-bottom%22%3A%220rem%22%2C%22padding-bottom%22%3A%220px%22%7D%2C%22mobiles%22%3A%7B%22font-size%22%3A%2236px%22%2C%22margin-bottom%22%3A%220rem%22%2C%22padding-bottom%22%3A%220px%22%7D%7D\"]R\u0102SPUNSURI CONSTRUCTIVE [vc_custom_heading text=\"1. Care sunt sec\u021biunile CV-ului Reedact?\" font_container=\"tag:h3|font_size:32px|text_align:left\" use_theme_fonts=\"yes\" css=\"%7B%22default%22%3A%7B%22font-size%22%3A%22%22%2C%22margin-bottom%22%3A%220.8rem%22%2C%22padding-bottom%22%3A%2212px%22%2C%22border-style%22%3A%22solid%22%2C%22border-bottom-width%22%3A%221px%22%2C%22border-color%22%3A%22%23eac034%22%7D%2C%22laptops%22%3A%7B%22font-size%22%3A%22%22%7D%2C%22tablets%22%3A%7B%22font-size%22%3A%22%22%7D%2C%22mobiles%22%3A%7B%22font-size%22%3A%2230px%22%7D%7D\"]Vrem s\u0103 \u00ee\u021bi oferim o perspectiv\u0103 complet\u0103 a carierei tale. Sec\u021biunile pe care le vei completa vor crea cea mai bun\u0103 imagine a istoricului t\u0103u profesional: detalii de contact, fotografie de profil, educa\u021bie, certific\u0103ri, cuno\u0219tin\u021be \u0219i tool-uri, abilit\u0103\u021bi principale,...","protected":false},"author":2,"featured_media":0,"parent":0,"menu_order":0,"comment_status":"closed","ping_status":"closed","template":"","meta":{"_lmt_disableupdate":"no","_lmt_disable":"","footnotes":""},"yoast_head":"<!-- This site is optimized with the Yoast SEO Premium plugin v22.3 (Yoast SEO v24.4) - https:\/\/yoast.com\/wordpress\/plugins\/seo\/ -->\n<title>Faqs - Reedact<\/title>\n<meta name=\"robots\" content=\"noindex, nofollow\" \/>\n<meta property=\"og:locale\" content=\"ro_RO\" \/>\n<meta property=\"og:type\" content=\"article\" \/>\n<meta property=\"og:title\" content=\"Faqs\" \/>\n<meta property=\"og:url\" content=\"https:\/\/reedact.com\/ro\/faqs\/\" \/>\n<meta property=\"og:site_name\" content=\"Reedact\" \/>\n<meta property=\"article:publisher\" content=\"https:\/\/www.facebook.com\/reedact\/\" \/>\n<meta property=\"article:modified_time\" content=\"2025-07-09T14:43:18+00:00\" \/>\n<meta name=\"twitter:card\" content=\"summary_large_image\" \/>\n<meta name=\"twitter:label1\" content=\"Timp estimat pentru citire\" \/>\n\t<meta name=\"twitter:data1\" content=\"3 minute\" \/>\n<script type=\"application\/ld+json\" class=\"yoast-schema-graph\">{\"@context\":\"https:\/\/schema.org\",\"@graph\":[{\"@type\":\"Article\",\"@id\":\"https:\/\/reedact.com\/ro\/faqs\/#article\",\"isPartOf\":{\"@id\":\"https:\/\/reedact.com\/ro\/faqs\/\"},\"author\":{\"name\":\"Reedact\",\"@id\":\"https:\/\/reedact.com\/ro\/#\/schema\/person\/4677c88172d4fb7f2d00b0e619da9529\"},\"headline\":\"Faqs\",\"datePublished\":\"2024-02-06T13:01:47+00:00\",\"dateModified\":\"2025-07-09T14:43:18+00:00\",\"mainEntityOfPage\":{\"@id\":\"https:\/\/reedact.com\/ro\/faqs\/\"},\"wordCount\":1738,\"publisher\":{\"@id\":\"https:\/\/reedact.com\/ro\/#organization\"},\"inLanguage\":\"ro-RO\"},{\"@type\":[\"WebPage\",\"FAQPage\"],\"@id\":\"https:\/\/reedact.com\/ro\/faqs\/\",\"url\":\"https:\/\/reedact.com\/ro\/faqs\/\",\"name\":\"Faqs - Reedact\",\"isPartOf\":{\"@id\":\"https:\/\/reedact.com\/ro\/#website\"},\"datePublished\":\"2024-02-06T13:01:47+00:00\",\"dateModified\":\"2025-07-09T14:43:18+00:00\",\"breadcrumb\":{\"@id\":\"https:\/\/reedact.com\/ro\/faqs\/#breadcrumb\"},\"inLanguage\":\"ro-RO\",\"potentialAction\":[{\"@type\":\"ReadAction\",\"target\":[\"https:\/\/reedact.com\/ro\/faqs\/\"]}]},{\"@type\":\"BreadcrumbList\",\"@id\":\"https:\/\/reedact.com\/ro\/faqs\/#breadcrumb\",\"itemListElement\":[{\"@type\":\"ListItem\",\"position\":1,\"name\":\"Home\",\"item\":\"https:\/\/reedact.com\/ro\/\"},{\"@type\":\"ListItem\",\"position\":2,\"name\":\"Faqs\"}]},{\"@type\":\"WebSite\",\"@id\":\"https:\/\/reedact.com\/ro\/#website\",\"url\":\"https:\/\/reedact.com\/ro\/\",\"name\":\"Reedact\",\"description\":\"CV-ul t\u0103u. Missiunea noastr\u0103.\",\"publisher\":{\"@id\":\"https:\/\/reedact.com\/ro\/#organization\"},\"potentialAction\":[{\"@type\":\"SearchAction\",\"target\":{\"@type\":\"EntryPoint\",\"urlTemplate\":\"https:\/\/reedact.com\/ro\/?s={search_term_string}\"},\"query-input\":{\"@type\":\"PropertyValueSpecification\",\"valueRequired\":true,\"valueName\":\"search_term_string\"}}],\"inLanguage\":\"ro-RO\"},{\"@type\":\"Organization\",\"@id\":\"https:\/\/reedact.com\/ro\/#organization\",\"name\":\"Reedact\",\"url\":\"https:\/\/reedact.com\/ro\/\",\"logo\":{\"@type\":\"ImageObject\",\"inLanguage\":\"ro-RO\",\"@id\":\"https:\/\/reedact.com\/ro\/#\/schema\/logo\/image\/\",\"url\":\"https:\/\/reedact.com\/wp-content\/uploads\/2019\/11\/favicon-reedact-min.jpg\",\"contentUrl\":\"https:\/\/reedact.com\/wp-content\/uploads\/2019\/11\/favicon-reedact-min.jpg\",\"width\":100,\"height\":85,\"caption\":\"Reedact\"},\"image\":{\"@id\":\"https:\/\/reedact.com\/ro\/#\/schema\/logo\/image\/\"},\"sameAs\":[\"https:\/\/www.facebook.com\/reedact\/\"]},{\"@type\":\"Person\",\"@id\":\"https:\/\/reedact.com\/ro\/#\/schema\/person\/4677c88172d4fb7f2d00b0e619da9529\",\"name\":\"Reedact\",\"sameAs\":[\"https:\/\/reedact.com\/\"]}]}<\/script>\n<!-- \/ Yoast SEO Premium plugin. -->","yoast_head_json":{"title":"Faqs - Reedact","robots":{"index":"noindex","follow":"nofollow"},"og_locale":"ro_RO","og_type":"article","og_title":"Faqs","og_url":"https:\/\/reedact.com\/ro\/faqs\/","og_site_name":"Reedact","article_publisher":"https:\/\/www.facebook.com\/reedact\/","article_modified_time":"2025-07-09T14:43:18+00:00","twitter_card":"summary_large_image","twitter_misc":{"Timp estimat pentru citire":"3 minute"},"schema":{"@context":"https:\/\/schema.org","@graph":[{"@type":"Article","@id":"https:\/\/reedact.com\/ro\/faqs\/#article","isPartOf":{"@id":"https:\/\/reedact.com\/ro\/faqs\/"},"author":{"name":"Reedact","@id":"https:\/\/reedact.com\/ro\/#\/schema\/person\/4677c88172d4fb7f2d00b0e619da9529"},"headline":"Faqs","datePublished":"2024-02-06T13:01:47+00:00","dateModified":"2025-07-09T14:43:18+00:00","mainEntityOfPage":{"@id":"https:\/\/reedact.com\/ro\/faqs\/"},"wordCount":1738,"publisher":{"@id":"https:\/\/reedact.com\/ro\/#organization"},"inLanguage":"ro-RO"},{"@type":["WebPage","FAQPage"],"@id":"https:\/\/reedact.com\/ro\/faqs\/","url":"https:\/\/reedact.com\/ro\/faqs\/","name":"Faqs - Reedact","isPartOf":{"@id":"https:\/\/reedact.com\/ro\/#website"},"datePublished":"2024-02-06T13:01:47+00:00","dateModified":"2025-07-09T14:43:18+00:00","breadcrumb":{"@id":"https:\/\/reedact.com\/ro\/faqs\/#breadcrumb"},"inLanguage":"ro-RO","potentialAction":[{"@type":"ReadAction","target":["https:\/\/reedact.com\/ro\/faqs\/"]}]},{"@type":"BreadcrumbList","@id":"https:\/\/reedact.com\/ro\/faqs\/#breadcrumb","itemListElement":[{"@type":"ListItem","position":1,"name":"Home","item":"https:\/\/reedact.com\/ro\/"},{"@type":"ListItem","position":2,"name":"Faqs"}]},{"@type":"WebSite","@id":"https:\/\/reedact.com\/ro\/#website","url":"https:\/\/reedact.com\/ro\/","name":"Reedact","description":"CV-ul t\u0103u. Missiunea noastr\u0103.","publisher":{"@id":"https:\/\/reedact.com\/ro\/#organization"},"potentialAction":[{"@type":"SearchAction","target":{"@type":"EntryPoint","urlTemplate":"https:\/\/reedact.com\/ro\/?s={search_term_string}"},"query-input":{"@type":"PropertyValueSpecification","valueRequired":true,"valueName":"search_term_string"}}],"inLanguage":"ro-RO"},{"@type":"Organization","@id":"https:\/\/reedact.com\/ro\/#organization","name":"Reedact","url":"https:\/\/reedact.com\/ro\/","logo":{"@type":"ImageObject","inLanguage":"ro-RO","@id":"https:\/\/reedact.com\/ro\/#\/schema\/logo\/image\/","url":"https:\/\/reedact.com\/wp-content\/uploads\/2019\/11\/favicon-reedact-min.jpg","contentUrl":"https:\/\/reedact.com\/wp-content\/uploads\/2019\/11\/favicon-reedact-min.jpg","width":100,"height":85,"caption":"Reedact"},"image":{"@id":"https:\/\/reedact.com\/ro\/#\/schema\/logo\/image\/"},"sameAs":["https:\/\/www.facebook.com\/reedact\/"]},{"@type":"Person","@id":"https:\/\/reedact.com\/ro\/#\/schema\/person\/4677c88172d4fb7f2d00b0e619da9529","name":"Reedact","sameAs":["https:\/\/reedact.com\/"]}]}},"_links":{"self":[{"href":"https:\/\/reedact.com\/ro\/wp-json\/wp\/v2\/pages\/10124"}],"collection":[{"href":"https:\/\/reedact.com\/ro\/wp-json\/wp\/v2\/pages"}],"about":[{"href":"https:\/\/reedact.com\/ro\/wp-json\/wp\/v2\/types\/page"}],"author":[{"embeddable":true,"href":"https:\/\/reedact.com\/ro\/wp-json\/wp\/v2\/users\/2"}],"replies":[{"embeddable":true,"href":"https:\/\/reedact.com\/ro\/wp-json\/wp\/v2\/comments?post=10124"}],"version-history":[{"count":4,"href":"https:\/\/reedact.com\/ro\/wp-json\/wp\/v2\/pages\/10124\/revisions"}],"predecessor-version":[{"id":11939,"href":"https:\/\/reedact.com\/ro\/wp-json\/wp\/v2\/pages\/10124\/revisions\/11939"}],"wp:attachment":[{"href":"https:\/\/reedact.com\/ro\/wp-json\/wp\/v2\/media?parent=10124"}],"curies":[{"name":"wp","href":"https:\/\/api.w.org\/{rel}","templated":true}]}}