{"id":8131,"date":"2024-03-04T17:11:35","date_gmt":"2024-03-04T15:11:35","guid":{"rendered":"https:\/\/reedact.connectmediadigital.ro\/?page_id=8131"},"modified":"2024-06-05T11:34:40","modified_gmt":"2024-06-05T08:34:40","slug":"despre-noi","status":"publish","type":"page","link":"https:\/\/reedact.com\/ro\/despre-noi\/","title":{"rendered":"Despre noi"},"content":{"rendered":"<section class=\"l-section wpb_row us_custom_a59bea36 height_auto type_sticky\"><div class=\"l-section-h i-cf\"><div class=\"g-cols vc_row via_flex valign_top type_default stacking_default\"><div class=\"vc_col-sm-12 wpb_column vc_column_container\"><div class=\"vc_column-inner\"><div class=\"wpb_wrapper\"><nav class=\"g-breadcrumbs us_custom_26e9350d has_text_color separator_icon align_none\"><div class=\"g-breadcrumbs-item\"><a href=\"https:\/\/reedact.com\/ro\/\">Prima pagin\u0103<\/a><meta content=\"1\"\/><\/div><div class=\"g-breadcrumbs-separator\"><i class=\"fal fa-fal fa-angle-double-right\"><\/i><\/div><div class=\"g-breadcrumbs-item\">Pagini<\/div><\/nav><\/div><\/div><\/div><\/div><\/div><\/section><section class=\"l-section wpb_row us_custom_1d52e8c8 has_text_color height_small width_full color_custom\" id=\"section3\"><div class=\"l-section-h i-cf\"><div class=\"g-cols vc_row via_flex valign_middle type_default stacking_default\"><div class=\"vc_col-sm-6 wpb_column vc_column_container paddingLR20Mob\"><div class=\"vc_column-inner us_custom_f76581e8\"><div class=\"wpb_wrapper\"><div class=\"g-cols wpb_row via_flex valign_top type_default stacking_default\"><div class=\"vc_col-sm-12 vc_col-lg-offset-2 vc_col-lg-9 wpb_column vc_column_container\"><div class=\"vc_column-inner\"><div class=\"wpb_wrapper\">[vc_custom_heading text=&#8221;MISIUNEA NOASTR\u0102:&#8221; font_container=&#8221;tag:h1|font_size:68px!important|text_align:left&#8221; use_theme_fonts=&#8221;yes&#8221; el_class=&#8221;lineheighth1&#8243; css=&#8221;%7B%22default%22%3A%7B%22font-size%22%3A%22%22%7D%2C%22laptops%22%3A%7B%22font-size%22%3A%22%22%7D%2C%22tablets%22%3A%7B%22font-size%22%3A%2238px%22%7D%2C%22mobiles%22%3A%7B%22font-size%22%3A%2238px%22%7D%7D&#8221;][vc_custom_heading text=&#8221;CV DE O SINGUR\u0102 PAGIN\u0102. PAGINA CARE CONTEAZ\u0102.&#8221; font_container=&#8221;tag:p|text_align:left&#8221; use_theme_fonts=&#8221;yes&#8221; el_class=&#8221;lineheighth1&#8243;]<div class=\"w-separator size_small\"><\/div><div class=\"wpb_text_column\"><div class=\"wpb_wrapper\"><p>Un CV este o promisiune care trebuie \u00eendeplinit\u0103. Dac\u0103 CV-ul t\u0103u arat\u0103 bine dar nu ofer\u0103 dec\u00e2t descrieri de job \u0219i nicio informa\u021bie suplimentar\u0103, atunci promisiunea este \u00eenc\u0103lcat\u0103, ai pierdut aten\u021bia recrutorului.<\/p>\n<\/div><\/div><div class=\"wpb_text_column\"><div class=\"wpb_wrapper\"><p>De aceea Reedact optimizeaz\u0103 experien\u021ba at\u00e2t pentru candida\u021bi, c\u00e2t \u0219i pentru recruiter cu o abordare \u00een dou\u0103 direc\u021bii.<\/p>\n<\/div><\/div><\/div><\/div><\/div><\/div><\/div><\/div><\/div><div class=\"vc_col-sm-6 wpb_column vc_column_container paddingLR20Mob\"><div class=\"vc_column-inner us_custom_83923140\"><div class=\"wpb_wrapper\"><div class=\"w-image align_none us_animate_afr\"><div class=\"w-image-h\"><img loading=\"lazy\" decoding=\"async\" width=\"2127\" height=\"1607\" src=\"https:\/\/reedact.com\/wp-content\/uploads\/2020\/07\/avion-norisori-large.png\" class=\"attachment-full size-full\" alt=\"\" srcset=\"https:\/\/reedact.com\/wp-content\/uploads\/2020\/07\/avion-norisori-large.png 2127w, https:\/\/reedact.com\/wp-content\/uploads\/2020\/07\/avion-norisori-large-300x227.png 300w, https:\/\/reedact.com\/wp-content\/uploads\/2020\/07\/avion-norisori-large-1024x774.png 1024w, https:\/\/reedact.com\/wp-content\/uploads\/2020\/07\/avion-norisori-large-1536x1160.png 1536w, https:\/\/reedact.com\/wp-content\/uploads\/2020\/07\/avion-norisori-large-2048x1547.png 2048w\" sizes=\"(max-width: 2127px) 100vw, 2127px\" \/><\/div><\/div><\/div><\/div><\/div><\/div><\/div><\/section><section class=\"l-section wpb_row height_medium\" id=\"teams\"><div class=\"l-section-h i-cf\"><div class=\"g-cols vc_row via_flex valign_top type_default stacking_default\"><div class=\"vc_col-sm-4 wpb_column vc_column_container\"><div class=\"vc_column-inner\"><div class=\"wpb_wrapper\"><div class=\"g-cols wpb_row via_flex valign_top type_default stacking_default\"><div class=\"vc_col-sm-12 vc_col-lg-offset-1 vc_col-lg-10 wpb_column vc_column_container\"><div class=\"vc_column-inner\"><div class=\"wpb_wrapper\"><div class=\"w-image align_right us_animate_aft\"><div class=\"w-image-h\"><img loading=\"lazy\" decoding=\"async\" width=\"600\" height=\"546\" src=\"https:\/\/reedact.com\/wp-content\/uploads\/2020\/07\/img-team-cristian-new.jpg\" class=\"attachment-full size-full\" alt=\"cristian\" srcset=\"https:\/\/reedact.com\/wp-content\/uploads\/2020\/07\/img-team-cristian-new.jpg 600w, https:\/\/reedact.com\/wp-content\/uploads\/2020\/07\/img-team-cristian-new-300x273.jpg 300w\" sizes=\"(max-width: 600px) 100vw, 600px\" \/><\/div><\/div><div class=\"w-socials align_right color_brand shape_square style_default hover_fade\"><div class=\"w-socials-list\"><div class=\"w-socials-item linkedin\"><a target=\"_blank\" rel=\"nofollow\" href=\"https:\/\/www.linkedin.com\/in\/cristian-maria-6901a268\/\" class=\"w-socials-item-link\" title=\"LinkedIn\" aria-label=\"LinkedIn\"><span class=\"w-socials-item-link-hover\"><\/span><i class=\"fab fa-linkedin\"><\/i><\/a><div class=\"w-socials-item-popup\"><span>LinkedIn<\/span><\/div><\/div><\/div><\/div><\/div><\/div><\/div><\/div><div class=\"w-separator size_small\"><\/div><div class=\"g-cols wpb_row via_flex valign_top type_default stacking_default\"><div class=\"vc_col-sm-9 vc_col-lg-offset-1 vc_col-lg-11 wpb_column vc_column_container\"><div class=\"vc_column-inner us_custom_b0a88090\"><div class=\"wpb_wrapper\"><div class=\"wpb_text_column\"><div class=\"wpb_wrapper\"><p><strong>Reedact este o companie din Bucure\u0219ti, fondat\u0103 de Cristian Maria.<\/strong><\/p>\n<p>Av\u00e2nd o vast\u0103 experien\u021b\u0103 \u00een domeniul recrut\u0103rii, Cristian a g\u0103sit ingredientul care face via\u021ba candida\u021bilor \u0219i recruiterilor mult mai u\u0219oar\u0103.<\/p>\n<\/div><\/div><\/div><\/div><\/div><\/div><\/div><\/div><\/div><div class=\"vc_col-sm-4 wpb_column vc_column_container\"><div class=\"vc_column-inner\"><div class=\"wpb_wrapper\"><div class=\"g-cols wpb_row via_flex valign_top type_default stacking_default\"><div class=\"vc_col-sm-12 vc_col-lg-offset-1 vc_col-lg-10 wpb_column vc_column_container\"><div class=\"vc_column-inner\"><div class=\"wpb_wrapper\"><div class=\"w-image align_right us_animate_afb\"><div class=\"w-image-h\"><img loading=\"lazy\" decoding=\"async\" width=\"600\" height=\"551\" src=\"https:\/\/reedact.com\/wp-content\/uploads\/2021\/03\/img-team-agni-newV1-min.jpg\" class=\"attachment-full size-full\" alt=\"\" srcset=\"https:\/\/reedact.com\/wp-content\/uploads\/2021\/03\/img-team-agni-newV1-min.jpg 600w, https:\/\/reedact.com\/wp-content\/uploads\/2021\/03\/img-team-agni-newV1-min-300x276.jpg 300w, https:\/\/reedact.com\/wp-content\/uploads\/2021\/03\/img-team-agni-newV1-min-500x459.jpg 500w, https:\/\/reedact.com\/wp-content\/uploads\/2021\/03\/img-team-agni-newV1-min-100x92.jpg 100w, https:\/\/reedact.com\/wp-content\/uploads\/2021\/03\/img-team-agni-newV1-min-55x50.jpg 55w, https:\/\/reedact.com\/wp-content\/uploads\/2021\/03\/img-team-agni-newV1-min-93x85.jpg 93w\" sizes=\"(max-width: 600px) 100vw, 600px\" \/><\/div><\/div><div class=\"w-socials align_right color_brand shape_square style_default hover_fade\"><div class=\"w-socials-list\"><div class=\"w-socials-item linkedin\"><a target=\"_blank\" rel=\"nofollow\" href=\"https:\/\/www.linkedin.com\/in\/agnieszka-swiatkowska\/\" class=\"w-socials-item-link\" title=\"LinkedIn\" aria-label=\"LinkedIn\"><span class=\"w-socials-item-link-hover\"><\/span><i class=\"fab fa-linkedin\"><\/i><\/a><div class=\"w-socials-item-popup\"><span>LinkedIn<\/span><\/div><\/div><\/div><\/div><\/div><\/div><\/div><\/div><div class=\"w-separator size_small\"><\/div><div class=\"g-cols wpb_row via_flex valign_top type_default stacking_default\"><div class=\"vc_col-sm-9 vc_col-lg-offset-1 vc_col-lg-11 wpb_column vc_column_container\"><div class=\"vc_column-inner us_custom_b0a88090\"><div class=\"wpb_wrapper\"><div class=\"wpb_text_column\"><div class=\"wpb_wrapper\"><p><strong>Specializat\u0103 \u00een resurse umane \u0219i talent aquisition,<\/strong><\/p>\n<p>Agni s-a al\u0103turat proiectului Reedact pentru a u\u0219ura experien\u021ba candida\u021bilor \u00eentr-un interviu \u0219i a avea succes atunci c\u00e2nd v\u00e2neaz\u0103 o nou\u0103 oportunitate.<\/p>\n<\/div><\/div><\/div><\/div><\/div><\/div><\/div><\/div><\/div><div class=\"vc_col-sm-4 wpb_column vc_column_container\"><div class=\"vc_column-inner\"><div class=\"wpb_wrapper\"><div class=\"g-cols wpb_row via_flex valign_top type_default stacking_default\"><div class=\"vc_col-sm-12 vc_col-lg-offset-1 vc_col-lg-10 wpb_column vc_column_container\"><div class=\"vc_column-inner\"><div class=\"wpb_wrapper\"><div class=\"w-image align_right us_animate_aft\"><div class=\"w-image-h\"><img loading=\"lazy\" decoding=\"async\" width=\"600\" height=\"551\" src=\"https:\/\/reedact.com\/wp-content\/uploads\/2021\/03\/img-team-adelina-min.jpg\" class=\"attachment-full size-full\" alt=\"\" srcset=\"https:\/\/reedact.com\/wp-content\/uploads\/2021\/03\/img-team-adelina-min.jpg 600w, https:\/\/reedact.com\/wp-content\/uploads\/2021\/03\/img-team-adelina-min-300x276.jpg 300w, https:\/\/reedact.com\/wp-content\/uploads\/2021\/03\/img-team-adelina-min-500x459.jpg 500w, https:\/\/reedact.com\/wp-content\/uploads\/2021\/03\/img-team-adelina-min-100x92.jpg 100w, https:\/\/reedact.com\/wp-content\/uploads\/2021\/03\/img-team-adelina-min-55x50.jpg 55w, https:\/\/reedact.com\/wp-content\/uploads\/2021\/03\/img-team-adelina-min-93x85.jpg 93w\" sizes=\"(max-width: 600px) 100vw, 600px\" \/><\/div><\/div><div class=\"w-socials align_right color_brand shape_square style_default hover_fade\"><div class=\"w-socials-list\"><div class=\"w-socials-item linkedin\"><a target=\"_blank\" rel=\"nofollow\" href=\"https:\/\/www.linkedin.com\/in\/adelina-constantin-7b7289a6\/\" class=\"w-socials-item-link\" title=\"LinkedIn\" aria-label=\"LinkedIn\"><span class=\"w-socials-item-link-hover\"><\/span><i class=\"fab fa-linkedin\"><\/i><\/a><div class=\"w-socials-item-popup\"><span>LinkedIn<\/span><\/div><\/div><\/div><\/div><\/div><\/div><\/div><\/div><div class=\"w-separator size_small\"><\/div><div class=\"g-cols wpb_row via_flex valign_top type_default stacking_default\"><div class=\"vc_col-sm-9 vc_col-lg-offset-1 vc_col-lg-11 wpb_column vc_column_container\"><div class=\"vc_column-inner us_custom_b0a88090\"><div class=\"wpb_wrapper\"><div class=\"wpb_text_column\"><div class=\"wpb_wrapper\"><p><strong>Cu un background de analiz\u0103 a datelor \u00een industria IT,<\/strong><\/p>\n<p>Adelina ofer\u0103 o imagine mai bun\u0103 despre audien\u021b\u0103, ajut\u00e2nd \u00een luarea unor decizii strategice mai bune \u0219i atingerea de noi obiective.<\/p>\n<\/div><\/div><\/div><\/div><\/div><\/div><\/div><\/div><\/div><\/div><\/div><\/section><section class=\"l-section wpb_row us_custom_f30d430a height_auto width_full color_custom\"><div class=\"l-section-h i-cf\"><div class=\"g-cols vc_row via_flex valign_top type_default stacking_default\"><div class=\"vc_col-sm-12 wpb_column vc_column_container\"><div class=\"vc_column-inner us_custom_c6190b4a\"><div class=\"wpb_wrapper\"><\/div><\/div><\/div><\/div><\/div><\/section><section class=\"l-section wpb_row us_custom_cbf14fbe height_small color_custom\" id=\"section4\"><div class=\"l-section-h i-cf\"><div class=\"g-cols vc_row via_flex valign_top type_default stacking_default\"><div class=\"vc_col-sm-12 wpb_column vc_column_container\"><div class=\"vc_column-inner us_custom_413a9d1c\"><div class=\"wpb_wrapper\"><div class=\"g-cols wpb_row us_custom_c1982b6e via_flex valign_top type_default stacking_default\"><div class=\"vc_col-sm-12 vc_col-lg-offset-2 vc_col-lg-8 wpb_column vc_column_container\"><div class=\"vc_column-inner us_custom_6b784548\"><div class=\"wpb_wrapper\"><div class=\"w-image align_center\"><div class=\"w-image-h\"><img loading=\"lazy\" decoding=\"async\" width=\"1920\" height=\"2124\" src=\"https:\/\/reedact.com\/wp-content\/uploads\/2021\/12\/Reedact-roadmap-RO.jpg\" class=\"attachment-full size-full\" alt=\"Reedact roadmap RO\" srcset=\"https:\/\/reedact.com\/wp-content\/uploads\/2021\/12\/Reedact-roadmap-RO.jpg 1920w, https:\/\/reedact.com\/wp-content\/uploads\/2021\/12\/Reedact-roadmap-RO-271x300.jpg 271w, https:\/\/reedact.com\/wp-content\/uploads\/2021\/12\/Reedact-roadmap-RO-926x1024.jpg 926w, https:\/\/reedact.com\/wp-content\/uploads\/2021\/12\/Reedact-roadmap-RO-1388x1536.jpg 1388w, https:\/\/reedact.com\/wp-content\/uploads\/2021\/12\/Reedact-roadmap-RO-1851x2048.jpg 1851w, https:\/\/reedact.com\/wp-content\/uploads\/2021\/12\/Reedact-roadmap-RO-542x600.jpg 542w, https:\/\/reedact.com\/wp-content\/uploads\/2021\/12\/Reedact-roadmap-RO-452x500.jpg 452w, https:\/\/reedact.com\/wp-content\/uploads\/2021\/12\/Reedact-roadmap-RO-90x100.jpg 90w, https:\/\/reedact.com\/wp-content\/uploads\/2021\/12\/Reedact-roadmap-RO-45x50.jpg 45w, https:\/\/reedact.com\/wp-content\/uploads\/2021\/12\/Reedact-roadmap-RO-77x85.jpg 77w\" sizes=\"(max-width: 1920px) 100vw, 1920px\" \/><\/div><\/div><\/div><\/div><\/div><\/div><div class=\"g-cols wpb_row via_flex valign_top type_default stacking_default\"><div class=\"vc_col-sm-12 vc_col-lg-offset-3 vc_col-lg-7 wpb_column vc_column_container\"><div class=\"vc_column-inner\"><div class=\"wpb_wrapper\"><div class=\"wpb_text_column us_custom_ebaa06fa has_text_color\"><div class=\"wpb_wrapper\"><p>To be continued&#8230;<br \/>\n\u00cembun\u0103t\u0103\u021birile continu\u0103 non-stop.<\/p>\n<\/div><\/div><div class=\"w-popup align_none\"><span class=\"w-popup-trigger type_selector\" data-selector=\".get-started\"><\/span><div class=\"w-popup-overlay\" style=\"background:rgba(44,70,82,0.85);\"><\/div><div class=\"w-popup-wrap layout_default\" style=\"--title-color:var(--color-content-heading);--title-bg-color:var(--color-content-bg-alt);--content-color:var(--color-content-text);--content-bg-color:#ffcc33;--popup-width:600px;--popup-padding:10%;\"><div class=\"w-popup-box animation_flipHor closerpos_outside without_title\"><div class=\"w-popup-box-h\"><div class=\"w-popup-box-content\"><p>[contact-form-7 id=&#8221;4573&#8243; title=&#8221;formular-4.95euroEN&#8221;]<\/p>\n<\/div><\/div><\/div><div class=\"w-popup-closer\"><\/div><\/div><\/div><\/div><\/div><\/div><\/div><\/div><\/div><\/div><\/div><\/div><\/section>\n","protected":false},"excerpt":{"rendered":"Prima pagin\u0103Pagini[vc_custom_heading text=\"MISIUNEA NOASTR\u0102:\" font_container=\"tag:h1|font_size:68px!important|text_align:left\" use_theme_fonts=\"yes\" el_class=\"lineheighth1\" css=\"%7B%22default%22%3A%7B%22font-size%22%3A%22%22%7D%2C%22laptops%22%3A%7B%22font-size%22%3A%22%22%7D%2C%22tablets%22%3A%7B%22font-size%22%3A%2238px%22%7D%2C%22mobiles%22%3A%7B%22font-size%22%3A%2238px%22%7D%7D\"][vc_custom_heading text=\"CV DE O SINGUR\u0102 PAGIN\u0102. PAGINA CARE CONTEAZ\u0102.\" font_container=\"tag:p|text_align:left\" use_theme_fonts=\"yes\" el_class=\"lineheighth1\"]Un CV este o promisiune care trebuie \u00eendeplinit\u0103. Dac\u0103 CV-ul t\u0103u arat\u0103 bine dar nu ofer\u0103 dec\u00e2t descrieri de job \u0219i nicio informa\u021bie suplimentar\u0103, atunci promisiunea este \u00eenc\u0103lcat\u0103, ai pierdut aten\u021bia recrutorului. De aceea Reedact optimizeaz\u0103 experien\u021ba...","protected":false},"author":2,"featured_media":0,"parent":0,"menu_order":0,"comment_status":"closed","ping_status":"closed","template":"","meta":{"_lmt_disableupdate":"no","_lmt_disable":"","footnotes":""},"yoast_head":"<!-- This site is optimized with the Yoast SEO Premium plugin v22.3 (Yoast SEO v24.4) - https:\/\/yoast.com\/wordpress\/plugins\/seo\/ -->\n<title>Despre noi - Reedact<\/title>\n<meta name=\"description\" content=\"Un CV este o promisiune care trebuie \u00eendeplinit\u0103.\" \/>\n<meta name=\"robots\" content=\"noindex, nofollow\" \/>\n<meta property=\"og:locale\" content=\"ro_RO\" \/>\n<meta property=\"og:type\" content=\"article\" \/>\n<meta property=\"og:title\" content=\"Despre noi\" \/>\n<meta property=\"og:description\" content=\"Un CV este o promisiune care trebuie \u00eendeplinit\u0103.\" \/>\n<meta property=\"og:url\" content=\"https:\/\/reedact.com\/ro\/despre-noi\/\" \/>\n<meta property=\"og:site_name\" content=\"Reedact\" \/>\n<meta property=\"article:publisher\" content=\"https:\/\/www.facebook.com\/reedact\/\" \/>\n<meta property=\"article:modified_time\" content=\"2024-06-05T08:34:40+00:00\" \/>\n<meta name=\"twitter:card\" content=\"summary_large_image\" \/>\n<meta name=\"twitter:label1\" content=\"Timp estimat pentru citire\" \/>\n\t<meta name=\"twitter:data1\" content=\"2 minute\" \/>\n<script type=\"application\/ld+json\" class=\"yoast-schema-graph\">{\"@context\":\"https:\/\/schema.org\",\"@graph\":[{\"@type\":\"Article\",\"@id\":\"https:\/\/reedact.com\/ro\/despre-noi\/#article\",\"isPartOf\":{\"@id\":\"https:\/\/reedact.com\/ro\/despre-noi\/\"},\"author\":{\"name\":\"Reedact\",\"@id\":\"https:\/\/reedact.com\/ro\/#\/schema\/person\/4677c88172d4fb7f2d00b0e619da9529\"},\"headline\":\"Despre noi\",\"datePublished\":\"2024-03-04T15:11:35+00:00\",\"dateModified\":\"2024-06-05T08:34:40+00:00\",\"mainEntityOfPage\":{\"@id\":\"https:\/\/reedact.com\/ro\/despre-noi\/\"},\"wordCount\":1076,\"publisher\":{\"@id\":\"https:\/\/reedact.com\/ro\/#organization\"},\"inLanguage\":\"ro-RO\"},{\"@type\":[\"WebPage\",\"AboutPage\"],\"@id\":\"https:\/\/reedact.com\/ro\/despre-noi\/\",\"url\":\"https:\/\/reedact.com\/ro\/despre-noi\/\",\"name\":\"Despre noi - Reedact\",\"isPartOf\":{\"@id\":\"https:\/\/reedact.com\/ro\/#website\"},\"datePublished\":\"2024-03-04T15:11:35+00:00\",\"dateModified\":\"2024-06-05T08:34:40+00:00\",\"description\":\"Un CV este o promisiune care trebuie \u00eendeplinit\u0103.\",\"breadcrumb\":{\"@id\":\"https:\/\/reedact.com\/ro\/despre-noi\/#breadcrumb\"},\"inLanguage\":\"ro-RO\",\"potentialAction\":[{\"@type\":\"ReadAction\",\"target\":[\"https:\/\/reedact.com\/ro\/despre-noi\/\"]}]},{\"@type\":\"BreadcrumbList\",\"@id\":\"https:\/\/reedact.com\/ro\/despre-noi\/#breadcrumb\",\"itemListElement\":[{\"@type\":\"ListItem\",\"position\":1,\"name\":\"Home\",\"item\":\"https:\/\/reedact.com\/ro\/\"},{\"@type\":\"ListItem\",\"position\":2,\"name\":\"Despre noi\"}]},{\"@type\":\"WebSite\",\"@id\":\"https:\/\/reedact.com\/ro\/#website\",\"url\":\"https:\/\/reedact.com\/ro\/\",\"name\":\"Reedact\",\"description\":\"CV-ul t\u0103u. Missiunea noastr\u0103.\",\"publisher\":{\"@id\":\"https:\/\/reedact.com\/ro\/#organization\"},\"potentialAction\":[{\"@type\":\"SearchAction\",\"target\":{\"@type\":\"EntryPoint\",\"urlTemplate\":\"https:\/\/reedact.com\/ro\/?s={search_term_string}\"},\"query-input\":{\"@type\":\"PropertyValueSpecification\",\"valueRequired\":true,\"valueName\":\"search_term_string\"}}],\"inLanguage\":\"ro-RO\"},{\"@type\":\"Organization\",\"@id\":\"https:\/\/reedact.com\/ro\/#organization\",\"name\":\"Reedact\",\"url\":\"https:\/\/reedact.com\/ro\/\",\"logo\":{\"@type\":\"ImageObject\",\"inLanguage\":\"ro-RO\",\"@id\":\"https:\/\/reedact.com\/ro\/#\/schema\/logo\/image\/\",\"url\":\"https:\/\/reedact.com\/wp-content\/uploads\/2019\/11\/favicon-reedact-min.jpg\",\"contentUrl\":\"https:\/\/reedact.com\/wp-content\/uploads\/2019\/11\/favicon-reedact-min.jpg\",\"width\":100,\"height\":85,\"caption\":\"Reedact\"},\"image\":{\"@id\":\"https:\/\/reedact.com\/ro\/#\/schema\/logo\/image\/\"},\"sameAs\":[\"https:\/\/www.facebook.com\/reedact\/\"]},{\"@type\":\"Person\",\"@id\":\"https:\/\/reedact.com\/ro\/#\/schema\/person\/4677c88172d4fb7f2d00b0e619da9529\",\"name\":\"Reedact\",\"sameAs\":[\"https:\/\/reedact.com\/\"]}]}<\/script>\n<!-- \/ Yoast SEO Premium plugin. -->","yoast_head_json":{"title":"Despre noi - Reedact","description":"Un CV este o promisiune care trebuie \u00eendeplinit\u0103.","robots":{"index":"noindex","follow":"nofollow"},"og_locale":"ro_RO","og_type":"article","og_title":"Despre noi","og_description":"Un CV este o promisiune care trebuie \u00eendeplinit\u0103.","og_url":"https:\/\/reedact.com\/ro\/despre-noi\/","og_site_name":"Reedact","article_publisher":"https:\/\/www.facebook.com\/reedact\/","article_modified_time":"2024-06-05T08:34:40+00:00","twitter_card":"summary_large_image","twitter_misc":{"Timp estimat pentru citire":"2 minute"},"schema":{"@context":"https:\/\/schema.org","@graph":[{"@type":"Article","@id":"https:\/\/reedact.com\/ro\/despre-noi\/#article","isPartOf":{"@id":"https:\/\/reedact.com\/ro\/despre-noi\/"},"author":{"name":"Reedact","@id":"https:\/\/reedact.com\/ro\/#\/schema\/person\/4677c88172d4fb7f2d00b0e619da9529"},"headline":"Despre noi","datePublished":"2024-03-04T15:11:35+00:00","dateModified":"2024-06-05T08:34:40+00:00","mainEntityOfPage":{"@id":"https:\/\/reedact.com\/ro\/despre-noi\/"},"wordCount":1076,"publisher":{"@id":"https:\/\/reedact.com\/ro\/#organization"},"inLanguage":"ro-RO"},{"@type":["WebPage","AboutPage"],"@id":"https:\/\/reedact.com\/ro\/despre-noi\/","url":"https:\/\/reedact.com\/ro\/despre-noi\/","name":"Despre noi - Reedact","isPartOf":{"@id":"https:\/\/reedact.com\/ro\/#website"},"datePublished":"2024-03-04T15:11:35+00:00","dateModified":"2024-06-05T08:34:40+00:00","description":"Un CV este o promisiune care trebuie \u00eendeplinit\u0103.","breadcrumb":{"@id":"https:\/\/reedact.com\/ro\/despre-noi\/#breadcrumb"},"inLanguage":"ro-RO","potentialAction":[{"@type":"ReadAction","target":["https:\/\/reedact.com\/ro\/despre-noi\/"]}]},{"@type":"BreadcrumbList","@id":"https:\/\/reedact.com\/ro\/despre-noi\/#breadcrumb","itemListElement":[{"@type":"ListItem","position":1,"name":"Home","item":"https:\/\/reedact.com\/ro\/"},{"@type":"ListItem","position":2,"name":"Despre noi"}]},{"@type":"WebSite","@id":"https:\/\/reedact.com\/ro\/#website","url":"https:\/\/reedact.com\/ro\/","name":"Reedact","description":"CV-ul t\u0103u. Missiunea noastr\u0103.","publisher":{"@id":"https:\/\/reedact.com\/ro\/#organization"},"potentialAction":[{"@type":"SearchAction","target":{"@type":"EntryPoint","urlTemplate":"https:\/\/reedact.com\/ro\/?s={search_term_string}"},"query-input":{"@type":"PropertyValueSpecification","valueRequired":true,"valueName":"search_term_string"}}],"inLanguage":"ro-RO"},{"@type":"Organization","@id":"https:\/\/reedact.com\/ro\/#organization","name":"Reedact","url":"https:\/\/reedact.com\/ro\/","logo":{"@type":"ImageObject","inLanguage":"ro-RO","@id":"https:\/\/reedact.com\/ro\/#\/schema\/logo\/image\/","url":"https:\/\/reedact.com\/wp-content\/uploads\/2019\/11\/favicon-reedact-min.jpg","contentUrl":"https:\/\/reedact.com\/wp-content\/uploads\/2019\/11\/favicon-reedact-min.jpg","width":100,"height":85,"caption":"Reedact"},"image":{"@id":"https:\/\/reedact.com\/ro\/#\/schema\/logo\/image\/"},"sameAs":["https:\/\/www.facebook.com\/reedact\/"]},{"@type":"Person","@id":"https:\/\/reedact.com\/ro\/#\/schema\/person\/4677c88172d4fb7f2d00b0e619da9529","name":"Reedact","sameAs":["https:\/\/reedact.com\/"]}]}},"_links":{"self":[{"href":"https:\/\/reedact.com\/ro\/wp-json\/wp\/v2\/pages\/8131"}],"collection":[{"href":"https:\/\/reedact.com\/ro\/wp-json\/wp\/v2\/pages"}],"about":[{"href":"https:\/\/reedact.com\/ro\/wp-json\/wp\/v2\/types\/page"}],"author":[{"embeddable":true,"href":"https:\/\/reedact.com\/ro\/wp-json\/wp\/v2\/users\/2"}],"replies":[{"embeddable":true,"href":"https:\/\/reedact.com\/ro\/wp-json\/wp\/v2\/comments?post=8131"}],"version-history":[{"count":1,"href":"https:\/\/reedact.com\/ro\/wp-json\/wp\/v2\/pages\/8131\/revisions"}],"predecessor-version":[{"id":10935,"href":"https:\/\/reedact.com\/ro\/wp-json\/wp\/v2\/pages\/8131\/revisions\/10935"}],"wp:attachment":[{"href":"https:\/\/reedact.com\/ro\/wp-json\/wp\/v2\/media?parent=8131"}],"curies":[{"name":"wp","href":"https:\/\/api.w.org\/{rel}","templated":true}]}}